{"id":201,"date":"2022-12-22T14:48:42","date_gmt":"2022-12-22T14:48:42","guid":{"rendered":"https:\/\/prague-stag-do.com\/?page_id=201"},"modified":"2023-09-05T08:44:26","modified_gmt":"2023-09-05T08:44:26","slug":"hur-man-tar-sig-till-prag","status":"publish","type":"page","link":"https:\/\/prague-stag-do.com\/sv\/hur-man-tar-sig-till-prag\/","title":{"rendered":"Hur man tar sig till Prag"},"content":{"rendered":"<p>Prag \u00e4r huvudstad och st\u00f6rsta stad i Tjeckien, som ligger i Centraleuropa. Det \u00e4r ett popul\u00e4rt resm\u00e5l f\u00f6r turister och svensexor p\u00e5 grund av dess rika historia, fantastiska arkitektur och pulserande nattliv. H\u00e4r \u00e4r n\u00e5gra alternativ f\u00f6r hur du kan ta dig till Prag:<\/p>\n\n\n\n<figure class=\"wp-block-image size-large\"><img loading=\"lazy\" decoding=\"async\" width=\"1024\" height=\"679\" src=\"https:\/\/prague-stag-do.com\/wp-content\/uploads\/private-river-cruise-prague-1024x679.webp\" alt=\"Prag\" class=\"wp-image-23\" srcset=\"https:\/\/prague-stag-do.com\/wp-content\/uploads\/private-river-cruise-prague-1024x679.webp 1024w, https:\/\/prague-stag-do.com\/wp-content\/uploads\/private-river-cruise-prague-300x199.webp 300w, https:\/\/prague-stag-do.com\/wp-content\/uploads\/private-river-cruise-prague-768x509.webp 768w, https:\/\/prague-stag-do.com\/wp-content\/uploads\/private-river-cruise-prague-1536x1018.webp 1536w, https:\/\/prague-stag-do.com\/wp-content\/uploads\/private-river-cruise-prague-2048x1357.webp 2048w, https:\/\/prague-stag-do.com\/wp-content\/uploads\/private-river-cruise-prague-18x12.webp 18w, https:\/\/prague-stag-do.com\/wp-content\/uploads\/private-river-cruise-prague-scaled.webp 1920w\" sizes=\"auto, (max-width: 1024px) 100vw, 1024px\" \/><figcaption class=\"wp-element-caption\">Prag<\/figcaption><\/figure>\n\n\n\n<h2 class=\"wp-block-heading\">Flygplan<\/h2>\n\n\n\n<p>Prags st\u00f6rsta flygplats \u00e4r <strong>V\u00e1clav Havel-flygplatsen<\/strong>, \u00e4ven k\u00e4nd som Prags flygplats. Den ligger cirka 15 kilometer nordv\u00e4st om stadens centrum. Flygplatsen har goda f\u00f6rbindelser med flyg fr\u00e5n st\u00f6rre europeiska st\u00e4der och internationella destinationer. Du kan ta en taxi eller kollektivtrafik fr\u00e5n flygplatsen f\u00f6r att ta dig till din destination i staden.<\/p>\n\n\n\n<h2 class=\"wp-block-heading\">T\u00e5g<\/h2>\n\n\n\n<p>Prag har ett omfattande j\u00e4rnv\u00e4gsn\u00e4t som f\u00f6rbinder staden med andra delar av Europa. Staden har <strong>tv\u00e5 stora t\u00e5gstationer<\/strong>: Praha hlavn\u00ed n\u00e1dra\u017e\u00ed (Prags centralstation) och Praha Hole\u0161ovice. Fr\u00e5n dessa stationer kan du ta ett t\u00e5g till destinationer i hela Tjeckien och Europa.<\/p>\n\n\n\n<figure class=\"wp-block-image size-large\"><img loading=\"lazy\" decoding=\"async\" width=\"1024\" height=\"684\" src=\"https:\/\/prague-stag-do.com\/wp-content\/uploads\/Transfer-1024x684.webp\" alt=\"\" class=\"wp-image-68\" srcset=\"https:\/\/prague-stag-do.com\/wp-content\/uploads\/Transfer-1024x684.webp 1024w, https:\/\/prague-stag-do.com\/wp-content\/uploads\/Transfer-300x200.webp 300w, https:\/\/prague-stag-do.com\/wp-content\/uploads\/Transfer-768x513.webp 768w, https:\/\/prague-stag-do.com\/wp-content\/uploads\/Transfer-1536x1025.webp 1536w, https:\/\/prague-stag-do.com\/wp-content\/uploads\/Transfer-2048x1367.webp 2048w, https:\/\/prague-stag-do.com\/wp-content\/uploads\/Transfer-18x12.webp 18w, https:\/\/prague-stag-do.com\/wp-content\/uploads\/Transfer-scaled.webp 1920w\" sizes=\"auto, (max-width: 1024px) 100vw, 1024px\" \/><figcaption class=\"wp-element-caption\">K\u00f6rning till Prag<\/figcaption><\/figure>\n\n\n\n<h2 class=\"wp-block-heading\">Bil<\/h2>\n\n\n\n<p>Prag \u00e4r l\u00e4tt att n\u00e5 med bil. Staden \u00e4r ansluten till resten av Europa via en <strong>n\u00e4tverk av motorv\u00e4gar<\/strong>. Om du k\u00f6r till Prag fr\u00e5n utlandet kan du ta motorv\u00e4gen A2 fr\u00e5n Tyskland, A3 fr\u00e5n \u00d6sterrike eller E65 fr\u00e5n Slovakien. Om du kommer l\u00e4ngre bort kan du ocks\u00e5 ta E50 fr\u00e5n V\u00e4steuropa eller E371 fr\u00e5n \u00d6steuropa.<\/p>\n\n\n\n<h2 class=\"wp-block-heading\">Buss<\/h2>\n\n\n\n<p>Prag betj\u00e4nas av en <strong>Ett omfattande n\u00e4t av l\u00e5ngv\u00e4ga bussar.<\/strong>vilket kan vara ett prisv\u00e4rt och bekv\u00e4mt s\u00e4tt att ta sig till staden. M\u00e5nga st\u00f6rre europeiska st\u00e4der har direkta bussf\u00f6rbindelser till Prag, och du kan enkelt hitta biljetter p\u00e5 n\u00e4tet eller p\u00e5 en lokal resebyr\u00e5.<\/p>\n\n\n\n<p>Oavsett hur du v\u00e4ljer att ta dig till Prag \u00e4r det viktigt att <strong>planera din resa i f\u00f6rv\u00e4g<\/strong> och ta h\u00e4nsyn till din budget och dina resepreferenser. Med lite planering kan du enkelt hitta det b\u00e4sta s\u00e4ttet att ta dig till denna vackra och livfulla stad.<\/p>\n\n\n\n<p>Om du v\u00e4ljer att resa med oss kommer vi att <strong>f\u00f6rse dig med all relevant information<\/strong> om hur du tar dig till Prag och hur du b\u00e4st kan bo i staden.&nbsp;<\/p>\n\n\n\n<p>Kolla in <a href=\"http:\/\/prague-stag-do.com\/sv\/\">Prag Stag Do<\/a> och ta reda p\u00e5 vad mer vi kan g\u00f6ra f\u00f6r dig!<\/p>","protected":false},"excerpt":{"rendered":"<p>Prag \u00e4r huvudstad och den st\u00f6rsta staden i Tjeckien, bel\u00e4gen i Centraleuropa. Det \u00e4r ett popul\u00e4rt resm\u00e5l f\u00f6r turister och svensexor p\u00e5 grund av dess rika historia, fantastiska arkitektur och pulserande nattliv. H\u00e4r \u00e4r n\u00e5gra alternativ f\u00f6r hur du tar dig till Prag: Flyg Prags huvudflygplats \u00e4r V\u00e1clav Havels flygplats, \u00e4ven ... <a href=\"https:\/\/prague-stag-do.com\/sv\/hur-man-tar-sig-till-prag\/\">Forts\u00e4ttning<\/a><\/p>","protected":false},"author":41,"featured_media":133,"parent":0,"menu_order":0,"comment_status":"closed","ping_status":"closed","template":"","meta":{"footnotes":""},"class_list":["post-201","page","type-page","status-publish","has-post-thumbnail","hentry"],"acf":{"page_subheading":"Discover the easiest and most convenient ways to travel to Prague, the stunning capital of the Czech Republic."},"_links":{"self":[{"href":"https:\/\/prague-stag-do.com\/sv\/wp-json\/wp\/v2\/pages\/201","targetHints":{"allow":["GET"]}}],"collection":[{"href":"https:\/\/prague-stag-do.com\/sv\/wp-json\/wp\/v2\/pages"}],"about":[{"href":"https:\/\/prague-stag-do.com\/sv\/wp-json\/wp\/v2\/types\/page"}],"author":[{"embeddable":true,"href":"https:\/\/prague-stag-do.com\/sv\/wp-json\/wp\/v2\/users\/41"}],"replies":[{"embeddable":true,"href":"https:\/\/prague-stag-do.com\/sv\/wp-json\/wp\/v2\/comments?post=201"}],"version-history":[{"count":8,"href":"https:\/\/prague-stag-do.com\/sv\/wp-json\/wp\/v2\/pages\/201\/revisions"}],"predecessor-version":[{"id":3573,"href":"https:\/\/prague-stag-do.com\/sv\/wp-json\/wp\/v2\/pages\/201\/revisions\/3573"}],"wp:featuredmedia":[{"embeddable":true,"href":"https:\/\/prague-stag-do.com\/sv\/wp-json\/wp\/v2\/media\/133"}],"wp:attachment":[{"href":"https:\/\/prague-stag-do.com\/sv\/wp-json\/wp\/v2\/media?parent=201"}],"curies":[{"name":"wp","href":"https:\/\/api.w.org\/{rel}","templated":true}]}}