{"id":191,"date":"2022-12-22T14:47:55","date_gmt":"2022-12-22T14:47:55","guid":{"rendered":"https:\/\/prague-stag-do.com\/?page_id=191"},"modified":"2023-09-05T08:44:30","modified_gmt":"2023-09-05T08:44:30","slug":"om-prag","status":"publish","type":"page","link":"https:\/\/prague-stag-do.com\/sv\/om-prag\/","title":{"rendered":"Om Prag"},"content":{"rendered":"<p>Prag \u00e4r den <strong>huvudstad och st\u00f6rsta stad i Tjeckien<\/strong>, som ligger i Centraleuropa. Det \u00e4r en stad som \u00e4r rik p\u00e5 historia, kultur och sk\u00f6nhet. Med sina fantastiska <strong>arkitektur<\/strong>, hisnande <strong>landm\u00e4rken<\/strong>, och <strong>pulserande nattliv<\/strong> Prag \u00e4r en destination som alla resen\u00e4rer m\u00e5ste bes\u00f6ka, s\u00e4rskilt en svensexor.<\/p>\n\n\n\n<figure class=\"wp-block-image size-large\"><img loading=\"lazy\" decoding=\"async\" width=\"1024\" height=\"680\" src=\"https:\/\/prague-stag-do.com\/wp-content\/uploads\/Prague-River-at-night-1024x680.webp\" alt=\"Prag p\u00e5 natten\" class=\"wp-image-233\" srcset=\"https:\/\/prague-stag-do.com\/wp-content\/uploads\/Prague-River-at-night-1024x680.webp 1024w, https:\/\/prague-stag-do.com\/wp-content\/uploads\/Prague-River-at-night-300x199.webp 300w, https:\/\/prague-stag-do.com\/wp-content\/uploads\/Prague-River-at-night-768x510.webp 768w, https:\/\/prague-stag-do.com\/wp-content\/uploads\/Prague-River-at-night-1536x1020.webp 1536w, https:\/\/prague-stag-do.com\/wp-content\/uploads\/Prague-River-at-night-2048x1360.webp 2048w, https:\/\/prague-stag-do.com\/wp-content\/uploads\/Prague-River-at-night-18x12.webp 18w, https:\/\/prague-stag-do.com\/wp-content\/uploads\/Prague-River-at-night-scaled.webp 1920w\" sizes=\"auto, (max-width: 1024px) 100vw, 1024px\" \/><figcaption class=\"wp-element-caption\">Prag p\u00e5 natten<\/figcaption><\/figure>\n\n\n\n<p>Ett av de mest ikoniska landm\u00e4rkena i Prag \u00e4r den <strong>Karlsbron<\/strong>, en medeltida stenbro som str\u00e4cker sig \u00f6ver floden <strong>Floden Vltava<\/strong>. Bron \u00e4r prydd med statyer av helgon och \u00e4r en popul\u00e4r plats f\u00f6r turister som vill njuta av stadens vackra utsikt. Andra sev\u00e4rda landm\u00e4rken i Prag \u00e4r <strong>Prag<\/strong> <strong>Slottet<\/strong>, v\u00e4rldens st\u00f6rsta fornborg, och den st\u00f6rsta byggnaden i v\u00e4rlden. <strong>Torget i Gamla stan<\/strong>, ett livligt centrum med sin ber\u00f6mda astronomiska klocka och m\u00e5nga barer och restauranger.<\/p>\n\n\n\n<h2 class=\"wp-block-heading\">Prags nattliv<\/h2>\n\n\n\n<p>Prag \u00e4r k\u00e4nt f\u00f6r sina <strong>pulserande nattliv<\/strong>, med en rad olika alternativ f\u00f6r bes\u00f6kare. M\u00e5nga turister str\u00f6mmar till staden f\u00f6r dess livliga bar- och klubbscen, som inneh\u00e5ller en blandning av traditionella tjeckiska pubar och moderna klubbar.<\/p>\n\n\n\n<p>Ett popul\u00e4rt omr\u00e5de f\u00f6r nattlivet i Prag \u00e4r <strong>Gamla stan<\/strong>d\u00e4r du kan hitta en m\u00e4ngd barer och klubbar, samt spelst\u00e4llen f\u00f6r livemusik. Den historiska <strong>Karlsbron<\/strong> \u00e4r ocks\u00e5 en popul\u00e4r plats f\u00f6r nattliv, med flera barer och klubbar i omr\u00e5det.<\/p>\n\n\n\n<p>Om du letar efter en mer avslappnad utekv\u00e4ll finns det ocks\u00e5 m\u00e5nga <strong>traditionella tjeckiska pubar<\/strong>, eller \"<strong>hospice<\/strong>,\" utspridda \u00f6ver hela staden. Dessa pubar serverar ofta \u00e4kta tjeckisk \u00f6l och mat och har ofta levande musik eller annan underh\u00e5llning.<\/p>\n\n\n\n<p>Prags nattliv erbjuder <strong>N\u00e5got f\u00f6r alla<\/strong>, fr\u00e5n livliga klubbar och barer till mer lugna pubar och spelst\u00e4llen med levande musik. Det \u00e4r v\u00e4rt att utforska olika omr\u00e5den i staden f\u00f6r att hitta den typ av nattliv som b\u00e4st passar dina preferenser.<\/p>\n\n\n\n<h2 class=\"wp-block-heading\">Med r\u00e4tt v\u00e4gledning kan Prag vara skonsamt f\u00f6r din pl\u00e5nbok.<\/h2>\n\n\n\n<p>N\u00e4r det g\u00e4ller mat och dryck finns det i Prag ett stort antal restauranger, kaf\u00e9er och pubar. Staden \u00e4r k\u00e4nd f\u00f6r sina uts\u00f6kta <strong>traditionellt tjeckiskt k\u00f6k<\/strong>, till exempel r<strong>fl\u00e4skstek med kn\u00f6del och surk\u00e5l<\/strong>, liksom dess utm\u00e4rkta \u00f6l. <strong>Tjeckiskt \u00f6l<\/strong> \u00e4r bland de b\u00e4sta i v\u00e4rlden och \u00e4r ett m\u00e5ste f\u00f6r alla Pragbes\u00f6kare.<\/p>\n\n\n\n<figure class=\"wp-block-image size-large\"><img loading=\"lazy\" decoding=\"async\" width=\"1024\" height=\"683\" src=\"https:\/\/prague-stag-do.com\/wp-content\/uploads\/beer-samples-1024x683.webp\" alt=\"\" class=\"wp-image-268\" srcset=\"https:\/\/prague-stag-do.com\/wp-content\/uploads\/beer-samples-1024x683.webp 1024w, https:\/\/prague-stag-do.com\/wp-content\/uploads\/beer-samples-300x200.webp 300w, https:\/\/prague-stag-do.com\/wp-content\/uploads\/beer-samples-768x512.webp 768w, https:\/\/prague-stag-do.com\/wp-content\/uploads\/beer-samples-1536x1024.webp 1536w, https:\/\/prague-stag-do.com\/wp-content\/uploads\/beer-samples-2048x1365.webp 2048w, https:\/\/prague-stag-do.com\/wp-content\/uploads\/beer-samples-18x12.webp 18w, https:\/\/prague-stag-do.com\/wp-content\/uploads\/beer-samples-scaled.webp 1920w\" sizes=\"auto, (max-width: 1024px) 100vw, 1024px\" \/><figcaption class=\"wp-element-caption\">Tjeckiskt \u00f6l<\/figcaption><\/figure>\n\n\n\n<p>Prag \u00e4r en relativt liten stad, men <strong>prisv\u00e4rd stad<\/strong> J\u00e4mf\u00f6rt med andra europeiska huvudst\u00e4der \u00e4r det \u00e4nd\u00e5 viktigt att t\u00e4nka p\u00e5 sin budget. Priserna p\u00e5 mat, dryck och boende varierar mycket beroende p\u00e5 var du \u00e5ker. Med lite planering och efterforskningar kan du dock hitta bra erbjudanden och f\u00e5 ut det mesta av din resa till Prag.<\/p>\n\n\n\n<p>Om du beh\u00f6ver insiderinformation om staden, <a href=\"https:\/\/prague-stag-do.com\/sv\/\">Prag Stag Do<\/a> hj\u00e4lper dig g\u00e4rna att optimera din resa till denna f\u00e4rgstarka stad.<\/p>","protected":false},"excerpt":{"rendered":"<p>Prag \u00e4r huvudstad och st\u00f6rsta stad i Tjeckien, som ligger i Centraleuropa. Det \u00e4r en stad rik p\u00e5 historia, kultur och sk\u00f6nhet. Med sin fantastiska arkitektur, hisnande landm\u00e4rken och pulserande nattliv \u00e4r Prag ett m\u00e5ste f\u00f6r alla resen\u00e4rer, s\u00e4rskilt f\u00f6r en grupp som ska fira svensexa. Ett av de mest ikoniska landm\u00e4rkena i Prag \u00e4r ... <a href=\"https:\/\/prague-stag-do.com\/sv\/om-prag\/\">Forts\u00e4ttning<\/a><\/p>","protected":false},"author":41,"featured_media":231,"parent":0,"menu_order":0,"comment_status":"closed","ping_status":"closed","template":"","meta":{"footnotes":""},"class_list":["post-191","page","type-page","status-publish","has-post-thumbnail","hentry"],"acf":{"page_subheading":"Discover the magic of Prague \u2014 a traditional lively European capital where history, culture, and nightlife collide to form an ideal stag do destination. "},"_links":{"self":[{"href":"https:\/\/prague-stag-do.com\/sv\/wp-json\/wp\/v2\/pages\/191","targetHints":{"allow":["GET"]}}],"collection":[{"href":"https:\/\/prague-stag-do.com\/sv\/wp-json\/wp\/v2\/pages"}],"about":[{"href":"https:\/\/prague-stag-do.com\/sv\/wp-json\/wp\/v2\/types\/page"}],"author":[{"embeddable":true,"href":"https:\/\/prague-stag-do.com\/sv\/wp-json\/wp\/v2\/users\/41"}],"replies":[{"embeddable":true,"href":"https:\/\/prague-stag-do.com\/sv\/wp-json\/wp\/v2\/comments?post=191"}],"version-history":[{"count":6,"href":"https:\/\/prague-stag-do.com\/sv\/wp-json\/wp\/v2\/pages\/191\/revisions"}],"predecessor-version":[{"id":420,"href":"https:\/\/prague-stag-do.com\/sv\/wp-json\/wp\/v2\/pages\/191\/revisions\/420"}],"wp:featuredmedia":[{"embeddable":true,"href":"https:\/\/prague-stag-do.com\/sv\/wp-json\/wp\/v2\/media\/231"}],"wp:attachment":[{"href":"https:\/\/prague-stag-do.com\/sv\/wp-json\/wp\/v2\/media?parent=191"}],"curies":[{"name":"wp","href":"https:\/\/api.w.org\/{rel}","templated":true}]}}