{"id":156,"date":"2022-12-22T14:46:33","date_gmt":"2022-12-22T14:46:33","guid":{"rendered":"https:\/\/prague-stag-do.com\/?page_id=156"},"modified":"2026-02-24T09:05:21","modified_gmt":"2026-02-24T09:05:21","slug":"om-oss","status":"publish","type":"page","link":"https:\/\/prague-stag-do.com\/sv\/om-oss\/","title":{"rendered":"Om oss"},"content":{"rendered":"<p>Mitt team \u00e4r dedikerat till att <strong>hj\u00e4lpa dig att planera den ultimata svensexahelgen i Prag<\/strong> och se till att du och dina v\u00e4nner f\u00e5r en of\u00f6rgl\u00f6mlig och stressfri upplevelse. Vi \u00e4r medvetna om att det kan vara en utmaning att organisera en resa - s\u00e4rskilt en svensexa. Men med v\u00e5r hj\u00e4lp kan du k\u00e4nna dig s\u00e4ker p\u00e5 att allt kommer att sk\u00f6tas effektivt.<\/p>\n\n\n\n<figure class=\"wp-block-image size-large\"><img loading=\"lazy\" decoding=\"async\" width=\"1024\" height=\"669\" src=\"https:\/\/prague-stag-do.com\/wp-content\/uploads\/Prague-party-1024x669.webp\" alt=\"Fest i Prag\" class=\"wp-image-35\" srcset=\"https:\/\/prague-stag-do.com\/wp-content\/uploads\/Prague-party-1024x669.webp 1024w, https:\/\/prague-stag-do.com\/wp-content\/uploads\/Prague-party-300x196.webp 300w, https:\/\/prague-stag-do.com\/wp-content\/uploads\/Prague-party-768x502.webp 768w, https:\/\/prague-stag-do.com\/wp-content\/uploads\/Prague-party-1536x1004.webp 1536w, https:\/\/prague-stag-do.com\/wp-content\/uploads\/Prague-party-2048x1339.webp 2048w, https:\/\/prague-stag-do.com\/wp-content\/uploads\/Prague-party-18x12.webp 18w, https:\/\/prague-stag-do.com\/wp-content\/uploads\/Prague-party-scaled.webp 1920w\" sizes=\"auto, (max-width: 1024px) 100vw, 1024px\" \/><figcaption class=\"wp-element-caption\">Fest i Prag<\/figcaption><\/figure>\n\n\n\n<p>Vi vill se till att allt g\u00e5r smidigt och att ni f\u00e5r den b\u00e4sta tiden i era liv. Vi hj\u00e4lper dig med f\u00f6ljande <strong>undvika vanliga misstag<\/strong>Det kan till exempel handla om att boka ett boende som ligger f\u00f6r l\u00e5ngt fr\u00e5n aktiviteterna, att spendera f\u00f6r mycket pengar p\u00e5 aktiviteterna eller att planera n\u00e5got som kr\u00e4ver ett klart sinne efter en kv\u00e4ll med mycket alkohol.<\/p>\n\n\n\n<p>L\u00e5t oss ta hand om detaljerna och skapa en noggrant planerad resplan som g\u00f6r att du kan fokusera p\u00e5 att fira och ha roligt med dina v\u00e4nner. Lita p\u00e5 att vi g\u00f6r din svensexa i Prag till en <strong>en of\u00f6rgl\u00f6mlig och stressfri upplevelse<\/strong>.<\/p>\n\n\n\n<h2 class=\"wp-block-heading\">Stag do-experter med m\u00e5nga \u00e5rs erfarenhet<\/h2>\n\n\n\n<p><strong>Sedan 2015<\/strong>Vi har hj\u00e4lpt m\u00e5nga m\u00e4n att fira sin svensexa med of\u00f6rgl\u00f6mliga minnen. Eftersom vi \u00e4r ett finansiellt skyddat resef\u00f6retag kan du lita p\u00e5 att dina pengar \u00e4r s\u00e4kra hos oss.<\/p>\n\n\n\n<p>V\u00e5r <strong>anpassningsbara bokningsalternativ<\/strong> g\u00f6r det enkelt att planera den perfekta vilda helgen i Prag p\u00e5 ett effektivt s\u00e4tt. Dessutom ser vi till att din upplevelse blir stressfri och trevlig s\u00e5 att du kan spara energi f\u00f6r den ultimata svensexan.<\/p>\n\n\n\n<figure class=\"wp-block-image size-large\"><img loading=\"lazy\" decoding=\"async\" width=\"1024\" height=\"683\" src=\"https:\/\/prague-stag-do.com\/wp-content\/uploads\/Beer-tasting-group-1024x683.webp\" alt=\"\u00d6lprovning\" class=\"wp-image-77\" srcset=\"https:\/\/prague-stag-do.com\/wp-content\/uploads\/Beer-tasting-group-1024x683.webp 1024w, https:\/\/prague-stag-do.com\/wp-content\/uploads\/Beer-tasting-group-300x200.webp 300w, https:\/\/prague-stag-do.com\/wp-content\/uploads\/Beer-tasting-group-768x512.webp 768w, https:\/\/prague-stag-do.com\/wp-content\/uploads\/Beer-tasting-group-1536x1024.webp 1536w, https:\/\/prague-stag-do.com\/wp-content\/uploads\/Beer-tasting-group-2048x1365.webp 2048w, https:\/\/prague-stag-do.com\/wp-content\/uploads\/Beer-tasting-group-18x12.webp 18w, https:\/\/prague-stag-do.com\/wp-content\/uploads\/Beer-tasting-group-scaled.webp 1920w\" sizes=\"auto, (max-width: 1024px) 100vw, 1024px\" \/><figcaption class=\"wp-element-caption\">Prag Stag Do<\/figcaption><\/figure>\n\n\n\n<p>Prag \u00e4r en stad full av <strong>kultur, historia och ett sp\u00e4nnande nattliv<\/strong>. Det \u00e4r den perfekta destinationen f\u00f6r att fira din sista kv\u00e4ll i frihet med dina v\u00e4nner. Oavsett om du vill dansa hela natten p\u00e5 klubbarna eller uppt\u00e4cka stadens fantastiska landm\u00e4rken och arkitektur har Prag n\u00e5got f\u00f6r alla.<\/p>\n\n\n\n<p>Vi \u00e4r stolta \u00f6ver att kunna erbjuda utm\u00e4rkt service p\u00e5 <strong>\u00f6verkomliga priser<\/strong> och har starka relationer med v\u00e5ra <strong>p\u00e5litlig partner<\/strong> <strong>f\u00f6retag<\/strong> i Prag. De erbjuder en m\u00e4ngd unika aktiviteter som ger dig m\u00e5nga of\u00f6rgl\u00f6mliga upplevelser. Vi har noggrant valt ut dessa partners eftersom de \u00f6verensst\u00e4mmer med v\u00e5ra v\u00e4rderingar och erbjuder service av h\u00f6gsta kvalitet.<\/p>\n\n\n\n<h2 class=\"wp-block-heading\">Det h\u00e4r \u00e4r vad vi kan bidra med till bordet<\/h2>\n\n\n\n<p>P\u00e5 v\u00e5rt f\u00f6retag f\u00f6rst\u00e5r vi att varje grupp killar \u00e4r unik. Det \u00e4r d\u00e4rf\u00f6r vi tar en <strong>personligt tillv\u00e4gag\u00e5ngss\u00e4tt<\/strong> f\u00f6r att planera din svensexa i Prag.<\/p>\n\n\n\n<p>Vi tror att genom att l\u00e4ra k\u00e4nna er grupp och era specifika intressen och \u00f6nskem\u00e5l kan vi skapa en <strong>skr\u00e4ddarsydd och minnesv\u00e4rd upplevelse<\/strong> som verkligen tillgodoser dina behov. Vare sig du vill ha en vild helg med fest eller en mer l\u00e5gm\u00e4ld fest \u00e4r vi h\u00e4r f\u00f6r att hj\u00e4lpa dig att planera den perfekta svensexan i Prag.<\/p>\n\n\n\n<p>Vi \u00e4r <strong>tillg\u00e4nglig dygnet runt f\u00f6r att hj\u00e4lpa dig<\/strong> med alla fr\u00e5gor eller problem som kan uppst\u00e5 och f\u00f6rse dig med all information du beh\u00f6ver f\u00f6r att f\u00e5 ut det mesta av din tid i Prag.<\/p>\n\n\n\n<p>V\u00e5r <strong>expertis och lokalk\u00e4nnedom<\/strong> kan spara pengar och tid genom att undvika kostsamma misstag och d\u00e5ligt planerade resv\u00e4gar.<\/p>\n\n\n\n<p>Tveka inte - <a href=\"https:\/\/prague-stag-do.com\/sv\/forfragan\/\">F\u00f6rfr\u00e5gan nu<\/a> och l\u00e5t oss hj\u00e4lpa dig att planera den ultimata svensexan i Prag.<\/p>\n\n\n\n<p>Se var du kan \u00e5ka p\u00e5 en svensexa med oss:<\/p>\n\n\n\n<ul class=\"wp-block-list\">\n<li><a href=\"https:\/\/amsterdam-stag-do.com\/\">Amsterdam Stag Do<\/a><\/li>\n\n\n\n<li><a href=\"https:\/\/berlin-stag-do.com\/\">Berlin Stag Do<\/a><\/li>\n\n\n\n<li><a href=\"https:\/\/hamburgstagdo.com\/\">Hamburg Stag Do<\/a><\/li>\n\n\n\n<li><a href=\"https:\/\/hvarstagdo.com\/\">Hvar Stag Do<\/a><\/li>\n\n\n\n<li><a href=\"https:\/\/lisbonstagdo.com\/\">Lissabon Stag Do<\/a><\/li>\n\n\n\n<li><a href=\"https:\/\/munichstagdo.com\/\">M\u00fcnchen Stag Do<\/a><\/li>\n\n\n\n<li><a href=\"https:\/\/riga-stag-do.com\/\">Riga Stag Do<\/a><\/li>\n\n\n\n<li><a href=\"https:\/\/stagpartyljubljana.com\/\">Stag Party Ljubljana<\/a><\/li>\n\n\n\n<li><a href=\"https:\/\/ibizastagdo.com\">Ibiza Stag Do<\/a><\/li>\n\n\n\n<li><a href=\"https:\/\/benidorm-stag-do.com\/\">Benidorm svensexa<\/a><\/li>\n\n\n\n<li><a href=\"https:\/\/budapest-stag-do.com\/\">Budapest svensexa<\/a><\/li>\n\n\n\n<li><a href=\"https:\/\/stagdovegas.com\/\">Stag Do Vegas<\/a><\/li>\n\n\n\n<li><a href=\"https:\/\/stagdobarcelona.com\/\">Stag Do Barcelona<\/a><\/li>\n\n\n\n<li><a href=\"https:\/\/stagdozagreb.com\/\">Stag Do Zagreb<\/a><\/li>\n\n\n\n<li><a href=\"https:\/\/splitstagdo.com\/\">Split Stag Do<\/a><\/li>\n\n\n\n<li><a href=\"https:\/\/dubrovnikstagdo.com\/\">Dubrovnik svensexa<\/a><\/li>\n\n\n\n<li><a href=\"https:\/\/madridstagdo.com\/\">Madrid svensexa<\/a><\/li>\n\n\n\n<li><a href=\"https:\/\/bucharest-stag-do.com\/\">Bukarest Stag Do<\/a><\/li>\n\n\n\n<li><a href=\"https:\/\/albufeirastagdo.com\/\">Albufeira svensexa<\/a><\/li>\n\n\n\n<li><a href=\"https:\/\/dublinstagdo.com\/\">Dublin svensexa<\/a><\/li>\n\n\n\n<li><a href=\"https:\/\/stagdokrakow.com\/\">Krakow Stag Do<\/a><\/li>\n<\/ul>","protected":false},"excerpt":{"rendered":"<p>Mitt team \u00e4r dedikerat till att hj\u00e4lpa dig att planera den ultimata svensexan i Prag och se till att du och dina v\u00e4nner f\u00e5r en of\u00f6rgl\u00f6mlig och stressfri upplevelse. Vi inser att det kan vara en utmaning att organisera en resa - s\u00e4rskilt en svensexa. Men med v\u00e5r hj\u00e4lp kan du k\u00e4nna dig s\u00e4ker p\u00e5 att allt kommer att hanteras ... <a href=\"https:\/\/prague-stag-do.com\/sv\/om-oss\/\">Forts\u00e4ttning<\/a><\/p>","protected":false},"author":41,"featured_media":148,"parent":0,"menu_order":0,"comment_status":"closed","ping_status":"closed","template":"","meta":{"footnotes":""},"class_list":["post-156","page","type-page","status-publish","has-post-thumbnail","hentry"],"acf":{"page_subheading":"Let us help you plan the perfect stag do in Prague and celebrate this special occasion without any stress \u2013 we are here to make it easy and enjoyable for you."},"_links":{"self":[{"href":"https:\/\/prague-stag-do.com\/sv\/wp-json\/wp\/v2\/pages\/156","targetHints":{"allow":["GET"]}}],"collection":[{"href":"https:\/\/prague-stag-do.com\/sv\/wp-json\/wp\/v2\/pages"}],"about":[{"href":"https:\/\/prague-stag-do.com\/sv\/wp-json\/wp\/v2\/types\/page"}],"author":[{"embeddable":true,"href":"https:\/\/prague-stag-do.com\/sv\/wp-json\/wp\/v2\/users\/41"}],"replies":[{"embeddable":true,"href":"https:\/\/prague-stag-do.com\/sv\/wp-json\/wp\/v2\/comments?post=156"}],"version-history":[{"count":20,"href":"https:\/\/prague-stag-do.com\/sv\/wp-json\/wp\/v2\/pages\/156\/revisions"}],"predecessor-version":[{"id":21141,"href":"https:\/\/prague-stag-do.com\/sv\/wp-json\/wp\/v2\/pages\/156\/revisions\/21141"}],"wp:featuredmedia":[{"embeddable":true,"href":"https:\/\/prague-stag-do.com\/sv\/wp-json\/wp\/v2\/media\/148"}],"wp:attachment":[{"href":"https:\/\/prague-stag-do.com\/sv\/wp-json\/wp\/v2\/media?parent=156"}],"curies":[{"name":"wp","href":"https:\/\/api.w.org\/{rel}","templated":true}]}}