{"id":201,"date":"2022-12-22T14:48:42","date_gmt":"2022-12-22T14:48:42","guid":{"rendered":"https:\/\/prague-stag-do.com\/?page_id=201"},"modified":"2023-09-05T08:44:26","modified_gmt":"2023-09-05T08:44:26","slug":"hoe-kom-ik-in-praag","status":"publish","type":"page","link":"https:\/\/prague-stag-do.com\/nl\/hoe-kom-ik-in-praag\/","title":{"rendered":"Hoe kom ik in Praag?"},"content":{"rendered":"<p>Praag is de hoofdstad en grootste stad van Tsjechi\u00eb, gelegen in Midden-Europa. Het is een populaire bestemming voor toeristen en vrijgezellenfeesten vanwege de rijke geschiedenis, de prachtige architectuur en het bruisende nachtleven. Hier zijn een paar mogelijkheden om Praag te bereiken:<\/p>\n\n\n\n<figure class=\"wp-block-image size-large\"><img loading=\"lazy\" decoding=\"async\" width=\"1024\" height=\"679\" src=\"https:\/\/prague-stag-do.com\/wp-content\/uploads\/private-river-cruise-prague-1024x679.webp\" alt=\"Praag\" class=\"wp-image-23\" srcset=\"https:\/\/prague-stag-do.com\/wp-content\/uploads\/private-river-cruise-prague-1024x679.webp 1024w, https:\/\/prague-stag-do.com\/wp-content\/uploads\/private-river-cruise-prague-300x199.webp 300w, https:\/\/prague-stag-do.com\/wp-content\/uploads\/private-river-cruise-prague-768x509.webp 768w, https:\/\/prague-stag-do.com\/wp-content\/uploads\/private-river-cruise-prague-1536x1018.webp 1536w, https:\/\/prague-stag-do.com\/wp-content\/uploads\/private-river-cruise-prague-2048x1357.webp 2048w, https:\/\/prague-stag-do.com\/wp-content\/uploads\/private-river-cruise-prague-18x12.webp 18w, https:\/\/prague-stag-do.com\/wp-content\/uploads\/private-river-cruise-prague-scaled.webp 1920w\" sizes=\"auto, (max-width: 1024px) 100vw, 1024px\" \/><figcaption class=\"wp-element-caption\">Praag<\/figcaption><\/figure>\n\n\n\n<h2 class=\"wp-block-heading\">Vliegtuig<\/h2>\n\n\n\n<p>De belangrijkste luchthaven van Praag is <strong>V\u00e1clav Havel Luchthaven<\/strong>, ook bekend als de luchthaven van Praag. Het ligt ongeveer 15 kilometer ten noordwesten van het stadscentrum. De luchthaven heeft goede verbindingen met vluchten vanuit grote Europese steden en internationale bestemmingen. U kunt vanaf het vliegveld een taxi of openbaar vervoer nemen om naar uw bestemming in de stad te gaan.<\/p>\n\n\n\n<h2 class=\"wp-block-heading\">Trein<\/h2>\n\n\n\n<p>Praag heeft een uitgebreid spoorwegnet dat de stad verbindt met andere delen van Europa. De stad heeft <strong>twee belangrijke treinstations<\/strong>: Praha hlavn\u00ed n\u00e1dra\u017e\u00ed (het hoofdstation van Praag) en Praha Hole\u0161ovice. Vanaf deze stations kunt u een trein nemen naar bestemmingen in heel Tsjechi\u00eb en Europa.<\/p>\n\n\n\n<figure class=\"wp-block-image size-large\"><img loading=\"lazy\" decoding=\"async\" width=\"1024\" height=\"684\" src=\"https:\/\/prague-stag-do.com\/wp-content\/uploads\/Transfer-1024x684.webp\" alt=\"\" class=\"wp-image-68\" srcset=\"https:\/\/prague-stag-do.com\/wp-content\/uploads\/Transfer-1024x684.webp 1024w, https:\/\/prague-stag-do.com\/wp-content\/uploads\/Transfer-300x200.webp 300w, https:\/\/prague-stag-do.com\/wp-content\/uploads\/Transfer-768x513.webp 768w, https:\/\/prague-stag-do.com\/wp-content\/uploads\/Transfer-1536x1025.webp 1536w, https:\/\/prague-stag-do.com\/wp-content\/uploads\/Transfer-2048x1367.webp 2048w, https:\/\/prague-stag-do.com\/wp-content\/uploads\/Transfer-18x12.webp 18w, https:\/\/prague-stag-do.com\/wp-content\/uploads\/Transfer-scaled.webp 1920w\" sizes=\"auto, (max-width: 1024px) 100vw, 1024px\" \/><figcaption class=\"wp-element-caption\">Rijden naar Praag<\/figcaption><\/figure>\n\n\n\n<h2 class=\"wp-block-heading\">Auto<\/h2>\n\n\n\n<p>Praag is gemakkelijk bereikbaar met de auto. Het is verbonden met de rest van Europa via een <strong>netwerk van snelwegen<\/strong>. Als u vanuit het buitenland naar Praag rijdt, kunt u de A2 vanuit Duitsland, de A3 vanuit Oostenrijk of de E65 vanuit Slowakije nemen. Als u van verder weg komt, kunt u ook de E50 vanuit West-Europa of de E371 vanuit Oost-Europa nemen.<\/p>\n\n\n\n<h2 class=\"wp-block-heading\">Bus<\/h2>\n\n\n\n<p>Praag wordt bediend door een <strong>uitgebreid netwerk van langeafstandsbussen<\/strong>wat een betaalbare en handige manier kan zijn om de stad te bereiken. Veel grote Europese steden hebben directe busverbindingen met Praag, en je kunt gemakkelijk online of bij een plaatselijk reisbureau tickets vinden.<\/p>\n\n\n\n<p>Hoe je ook naar Praag komt, het is essentieel om <strong>plan uw reis op voorhand<\/strong> en houd rekening met uw budget en reisvoorkeuren. Met een beetje planning kunt u gemakkelijk de beste manier vinden om deze prachtige en levendige stad te bereiken.<\/p>\n\n\n\n<p>Als u ervoor kiest om met ons te reizen, zullen we <strong>u te voorzien van alle relevante informatie<\/strong> over hoe je in Praag komt en hoe je het beste in de stad kunt verblijven.&nbsp;<\/p>\n\n\n\n<p>Kijk maar. <a href=\"http:\/\/prague-stag-do.com\/nl\/\">Praag Stag Do<\/a> en ontdek wat we nog meer voor u kunnen doen!<\/p>","protected":false},"excerpt":{"rendered":"<p>Praag is de hoofdstad en grootste stad van Tsjechi\u00eb, gelegen in Midden-Europa. Het is een populaire bestemming voor toeristen en vrijgezellenfeesten vanwege de rijke geschiedenis, de prachtige architectuur en het bruisende nachtleven. Hier zijn een paar mogelijkheden om Praag te bereiken: Vliegtuig De belangrijkste luchthaven van Praag is V\u00e1clav Havel Airport, ook ... <a href=\"https:\/\/prague-stag-do.com\/nl\/hoe-kom-ik-in-praag\/\">Vervolg<\/a><\/p>","protected":false},"author":41,"featured_media":133,"parent":0,"menu_order":0,"comment_status":"closed","ping_status":"closed","template":"","meta":{"footnotes":""},"class_list":["post-201","page","type-page","status-publish","has-post-thumbnail","hentry"],"acf":{"page_subheading":"Discover the easiest and most convenient ways to travel to Prague, the stunning capital of the Czech Republic."},"_links":{"self":[{"href":"https:\/\/prague-stag-do.com\/nl\/wp-json\/wp\/v2\/pages\/201","targetHints":{"allow":["GET"]}}],"collection":[{"href":"https:\/\/prague-stag-do.com\/nl\/wp-json\/wp\/v2\/pages"}],"about":[{"href":"https:\/\/prague-stag-do.com\/nl\/wp-json\/wp\/v2\/types\/page"}],"author":[{"embeddable":true,"href":"https:\/\/prague-stag-do.com\/nl\/wp-json\/wp\/v2\/users\/41"}],"replies":[{"embeddable":true,"href":"https:\/\/prague-stag-do.com\/nl\/wp-json\/wp\/v2\/comments?post=201"}],"version-history":[{"count":8,"href":"https:\/\/prague-stag-do.com\/nl\/wp-json\/wp\/v2\/pages\/201\/revisions"}],"predecessor-version":[{"id":3573,"href":"https:\/\/prague-stag-do.com\/nl\/wp-json\/wp\/v2\/pages\/201\/revisions\/3573"}],"wp:featuredmedia":[{"embeddable":true,"href":"https:\/\/prague-stag-do.com\/nl\/wp-json\/wp\/v2\/media\/133"}],"wp:attachment":[{"href":"https:\/\/prague-stag-do.com\/nl\/wp-json\/wp\/v2\/media?parent=201"}],"curies":[{"name":"wp","href":"https:\/\/api.w.org\/{rel}","templated":true}]}}