{"id":201,"date":"2022-12-22T14:48:42","date_gmt":"2022-12-22T14:48:42","guid":{"rendered":"https:\/\/prague-stag-do.com\/?page_id=201"},"modified":"2023-09-05T08:44:26","modified_gmt":"2023-09-05T08:44:26","slug":"come-arrivare-a-praga","status":"publish","type":"page","link":"https:\/\/prague-stag-do.com\/it\/come-arrivare-a-praga\/","title":{"rendered":"Come arrivare a Praga"},"content":{"rendered":"<p>Praga \u00e8 la capitale e la citt\u00e0 pi\u00f9 grande della Repubblica Ceca, situata nell'Europa centrale. \u00c8 una destinazione popolare per i turisti e per gli addii al celibato grazie alla sua ricca storia, alla splendida architettura e alla vivace vita notturna. Ecco alcune opzioni per raggiungere Praga:<\/p>\n\n\n\n<figure class=\"wp-block-image size-large\"><img loading=\"lazy\" decoding=\"async\" width=\"1024\" height=\"679\" src=\"https:\/\/prague-stag-do.com\/wp-content\/uploads\/private-river-cruise-prague-1024x679.webp\" alt=\"Praga\" class=\"wp-image-23\" srcset=\"https:\/\/prague-stag-do.com\/wp-content\/uploads\/private-river-cruise-prague-1024x679.webp 1024w, https:\/\/prague-stag-do.com\/wp-content\/uploads\/private-river-cruise-prague-300x199.webp 300w, https:\/\/prague-stag-do.com\/wp-content\/uploads\/private-river-cruise-prague-768x509.webp 768w, https:\/\/prague-stag-do.com\/wp-content\/uploads\/private-river-cruise-prague-1536x1018.webp 1536w, https:\/\/prague-stag-do.com\/wp-content\/uploads\/private-river-cruise-prague-2048x1357.webp 2048w, https:\/\/prague-stag-do.com\/wp-content\/uploads\/private-river-cruise-prague-18x12.webp 18w, https:\/\/prague-stag-do.com\/wp-content\/uploads\/private-river-cruise-prague-scaled.webp 1920w\" sizes=\"auto, (max-width: 1024px) 100vw, 1024px\" \/><figcaption class=\"wp-element-caption\">Praga<\/figcaption><\/figure>\n\n\n\n<h2 class=\"wp-block-heading\">Aereo<\/h2>\n\n\n\n<p>L'aeroporto principale di Praga \u00e8 <strong>Aeroporto V\u00e1clav Havel<\/strong>, noto anche come Aeroporto di Praga. Si trova a circa 15 chilometri a nord-ovest del centro citt\u00e0. L'aeroporto \u00e8 ben collegato con voli dalle principali citt\u00e0 europee e destinazioni internazionali. Dall'aeroporto \u00e8 possibile prendere un taxi o i mezzi pubblici per raggiungere la propria destinazione in citt\u00e0.<\/p>\n\n\n\n<h2 class=\"wp-block-heading\">Treno<\/h2>\n\n\n\n<p>Praga dispone di una vasta rete ferroviaria che collega la citt\u00e0 con altre parti d'Europa. La citt\u00e0 ha <strong>due stazioni ferroviarie principali<\/strong>: Praha hlavn\u00ed n\u00e1dra\u017e\u00ed (stazione centrale di Praga) e Praha Hole\u0161ovice. Da queste stazioni \u00e8 possibile prendere un treno per destinazioni in tutta la Repubblica Ceca e in Europa.<\/p>\n\n\n\n<figure class=\"wp-block-image size-large\"><img loading=\"lazy\" decoding=\"async\" width=\"1024\" height=\"684\" src=\"https:\/\/prague-stag-do.com\/wp-content\/uploads\/Transfer-1024x684.webp\" alt=\"\" class=\"wp-image-68\" srcset=\"https:\/\/prague-stag-do.com\/wp-content\/uploads\/Transfer-1024x684.webp 1024w, https:\/\/prague-stag-do.com\/wp-content\/uploads\/Transfer-300x200.webp 300w, https:\/\/prague-stag-do.com\/wp-content\/uploads\/Transfer-768x513.webp 768w, https:\/\/prague-stag-do.com\/wp-content\/uploads\/Transfer-1536x1025.webp 1536w, https:\/\/prague-stag-do.com\/wp-content\/uploads\/Transfer-2048x1367.webp 2048w, https:\/\/prague-stag-do.com\/wp-content\/uploads\/Transfer-18x12.webp 18w, https:\/\/prague-stag-do.com\/wp-content\/uploads\/Transfer-scaled.webp 1920w\" sizes=\"auto, (max-width: 1024px) 100vw, 1024px\" \/><figcaption class=\"wp-element-caption\">Guidare fino a Praga<\/figcaption><\/figure>\n\n\n\n<h2 class=\"wp-block-heading\">Auto<\/h2>\n\n\n\n<p>Praga \u00e8 facilmente raggiungibile in auto. \u00c8 collegata al resto d'Europa tramite una linea di <strong>rete di autostrade<\/strong>. Se arrivate a Praga dall'estero, potete prendere l'autostrada A2 dalla Germania, la A3 dall'Austria o la E65 dalla Slovacchia. Se arrivate da lontano, potete anche prendere la E50 dall'Europa occidentale o la E371 dall'Europa orientale.<\/p>\n\n\n\n<h2 class=\"wp-block-heading\">Autobus<\/h2>\n\n\n\n<p>Praga \u00e8 servita da un <strong>ampia rete di autobus a lunga percorrenza<\/strong>che pu\u00f2 essere un modo conveniente e comodo per raggiungere la citt\u00e0. Molte delle principali citt\u00e0 europee hanno collegamenti diretti in autobus con Praga e potete facilmente trovare i biglietti online o presso le agenzie di viaggio locali.<\/p>\n\n\n\n<p>Indipendentemente dal modo in cui si sceglie di arrivare a Praga, \u00e8 fondamentale <strong>pianificare il viaggio in anticipo<\/strong> e considerate il vostro budget e le vostre preferenze di viaggio. Con un po' di pianificazione, potrete facilmente trovare il modo migliore per raggiungere questa bellissima e vibrante citt\u00e0.<\/p>\n\n\n\n<p>Se scegliete di viaggiare con noi, noi <strong>fornirvi tutte le informazioni pertinenti<\/strong> su come arrivare a Praga e su come sistemarvi al meglio in citt\u00e0.&nbsp;<\/p>\n\n\n\n<p>Scoprire <a href=\"http:\/\/prague-stag-do.com\/it\/\">Addio al celibato a Praga<\/a> e scoprite cos'altro possiamo fare per voi!<\/p>","protected":false},"excerpt":{"rendered":"<p>Praga \u00e8 la capitale e la citt\u00e0 pi\u00f9 grande della Repubblica Ceca, situata nell'Europa centrale. \u00c8 una destinazione popolare per i turisti e per gli addii al celibato grazie alla sua ricca storia, alla splendida architettura e alla vivace vita notturna. Ecco alcune opzioni per raggiungere Praga: Aereo L'aeroporto principale di Praga \u00e8 l'Aeroporto V\u00e1clav Havel, anche ... <a href=\"https:\/\/prague-stag-do.com\/it\/come-arrivare-a-praga\/\">Continua<\/a><\/p>","protected":false},"author":41,"featured_media":133,"parent":0,"menu_order":0,"comment_status":"closed","ping_status":"closed","template":"","meta":{"footnotes":""},"class_list":["post-201","page","type-page","status-publish","has-post-thumbnail","hentry"],"acf":{"page_subheading":"Discover the easiest and most convenient ways to travel to Prague, the stunning capital of the Czech Republic."},"_links":{"self":[{"href":"https:\/\/prague-stag-do.com\/it\/wp-json\/wp\/v2\/pages\/201","targetHints":{"allow":["GET"]}}],"collection":[{"href":"https:\/\/prague-stag-do.com\/it\/wp-json\/wp\/v2\/pages"}],"about":[{"href":"https:\/\/prague-stag-do.com\/it\/wp-json\/wp\/v2\/types\/page"}],"author":[{"embeddable":true,"href":"https:\/\/prague-stag-do.com\/it\/wp-json\/wp\/v2\/users\/41"}],"replies":[{"embeddable":true,"href":"https:\/\/prague-stag-do.com\/it\/wp-json\/wp\/v2\/comments?post=201"}],"version-history":[{"count":8,"href":"https:\/\/prague-stag-do.com\/it\/wp-json\/wp\/v2\/pages\/201\/revisions"}],"predecessor-version":[{"id":3573,"href":"https:\/\/prague-stag-do.com\/it\/wp-json\/wp\/v2\/pages\/201\/revisions\/3573"}],"wp:featuredmedia":[{"embeddable":true,"href":"https:\/\/prague-stag-do.com\/it\/wp-json\/wp\/v2\/media\/133"}],"wp:attachment":[{"href":"https:\/\/prague-stag-do.com\/it\/wp-json\/wp\/v2\/media?parent=201"}],"curies":[{"name":"wp","href":"https:\/\/api.w.org\/{rel}","templated":true}]}}