{"id":191,"date":"2022-12-22T14:47:55","date_gmt":"2022-12-22T14:47:55","guid":{"rendered":"https:\/\/prague-stag-do.com\/?page_id=191"},"modified":"2023-09-05T08:44:30","modified_gmt":"2023-09-05T08:44:30","slug":"su-praga","status":"publish","type":"page","link":"https:\/\/prague-stag-do.com\/it\/su-praga\/","title":{"rendered":"Informazioni su Praga"},"content":{"rendered":"<p>Praga \u00e8 il <strong>capitale e citt\u00e0 pi\u00f9 grande della Repubblica Ceca<\/strong>situata nell'Europa centrale. \u00c8 una citt\u00e0 ricca di storia, cultura e bellezza. Con le sue splendide <strong>architettura<\/strong>, mozzafiato <strong>punti di riferimento<\/strong>, e <strong>una vivace vita notturna<\/strong> Praga \u00e8 una meta imperdibile per qualsiasi viaggiatore, soprattutto per un gruppo di addio al celibato.<\/p>\n\n\n\n<figure class=\"wp-block-image size-large\"><img loading=\"lazy\" decoding=\"async\" width=\"1024\" height=\"680\" src=\"https:\/\/prague-stag-do.com\/wp-content\/uploads\/Prague-River-at-night-1024x680.webp\" alt=\"Praga di notte\" class=\"wp-image-233\" srcset=\"https:\/\/prague-stag-do.com\/wp-content\/uploads\/Prague-River-at-night-1024x680.webp 1024w, https:\/\/prague-stag-do.com\/wp-content\/uploads\/Prague-River-at-night-300x199.webp 300w, https:\/\/prague-stag-do.com\/wp-content\/uploads\/Prague-River-at-night-768x510.webp 768w, https:\/\/prague-stag-do.com\/wp-content\/uploads\/Prague-River-at-night-1536x1020.webp 1536w, https:\/\/prague-stag-do.com\/wp-content\/uploads\/Prague-River-at-night-2048x1360.webp 2048w, https:\/\/prague-stag-do.com\/wp-content\/uploads\/Prague-River-at-night-18x12.webp 18w, https:\/\/prague-stag-do.com\/wp-content\/uploads\/Prague-River-at-night-scaled.webp 1920w\" sizes=\"auto, (max-width: 1024px) 100vw, 1024px\" \/><figcaption class=\"wp-element-caption\">Praga di notte<\/figcaption><\/figure>\n\n\n\n<p>Uno dei punti di riferimento pi\u00f9 iconici di Praga \u00e8 la <strong>Ponte Carlo<\/strong>, un ponte medievale in pietra che attraversa il <strong>Fiume Moldava<\/strong>. Il ponte \u00e8 ornato da statue di santi ed \u00e8 un luogo popolare per i turisti che vogliono ammirare la splendida vista della citt\u00e0. Altri punti di riferimento da non perdere a Praga sono <strong>Praga<\/strong> <strong>Castello<\/strong>, il pi\u00f9 grande castello antico del mondo, e la <strong>Piazza della Citt\u00e0 Vecchia<\/strong>, un vivace centro di attivit\u00e0 con il suo famoso orologio astronomico e numerosi bar e ristoranti.<\/p>\n\n\n\n<h2 class=\"wp-block-heading\">La vita notturna di Praga<\/h2>\n\n\n\n<p>Praga \u00e8 nota per la sua <strong>una vivace vita notturna<\/strong>con una serie di opzioni per i visitatori. Molti turisti si recano in citt\u00e0 per la sua vivace scena di bar e club, che comprende un mix di pub tradizionali cechi e club moderni.<\/p>\n\n\n\n<p>Una zona popolare per la vita notturna di Praga \u00e8 il quartiere di <strong>Citt\u00e0 vecchia<\/strong>dove si trovano numerosi bar e club, oltre a locali di musica dal vivo. Lo storico <strong>Ponte Carlo<\/strong> \u00e8 anche un luogo popolare per la vita notturna, con diversi bar e club situati nella zona.<\/p>\n\n\n\n<p>Se siete alla ricerca di una serata pi\u00f9 rilassata, ci sono anche molti altri luoghi di ritrovo. <strong>pub tradizionali cechi<\/strong>, o \"<strong>ospizio<\/strong>sparsi per la citt\u00e0. Questi pub servono spesso birra e cibo autentico ceco e spesso offrono musica dal vivo o altri tipi di intrattenimento.<\/p>\n\n\n\n<p>La vita notturna di Praga offre <strong>qualcosa per tutti<\/strong>Da vivaci club e bar a pub pi\u00f9 tranquilli e locali con musica dal vivo. Vale la pena di esplorare diverse aree della citt\u00e0 per trovare il tipo di vita notturna pi\u00f9 adatto alle proprie preferenze.<\/p>\n\n\n\n<h2 class=\"wp-block-heading\">Con una guida adeguata, Praga pu\u00f2 essere facile da gestire per il vostro portafoglio.<\/h2>\n\n\n\n<p>Per quanto riguarda il cibo e le bevande, Praga ospita un'ampia variet\u00e0 di ristoranti, caff\u00e8 e pub. La citt\u00e0 \u00e8 nota per i suoi deliziosi <strong>cucina tradizionale ceca<\/strong>come r<strong>arrosto di maiale con canederli e crauti<\/strong>, oltre alla sua eccellente birra. <strong>Birra ceca<\/strong> \u00e8 tra i migliori al mondo ed \u00e8 assolutamente da provare per chi visita Praga.<\/p>\n\n\n\n<figure class=\"wp-block-image size-large\"><img loading=\"lazy\" decoding=\"async\" width=\"1024\" height=\"683\" src=\"https:\/\/prague-stag-do.com\/wp-content\/uploads\/beer-samples-1024x683.webp\" alt=\"\" class=\"wp-image-268\" srcset=\"https:\/\/prague-stag-do.com\/wp-content\/uploads\/beer-samples-1024x683.webp 1024w, https:\/\/prague-stag-do.com\/wp-content\/uploads\/beer-samples-300x200.webp 300w, https:\/\/prague-stag-do.com\/wp-content\/uploads\/beer-samples-768x512.webp 768w, https:\/\/prague-stag-do.com\/wp-content\/uploads\/beer-samples-1536x1024.webp 1536w, https:\/\/prague-stag-do.com\/wp-content\/uploads\/beer-samples-2048x1365.webp 2048w, https:\/\/prague-stag-do.com\/wp-content\/uploads\/beer-samples-18x12.webp 18w, https:\/\/prague-stag-do.com\/wp-content\/uploads\/beer-samples-scaled.webp 1920w\" sizes=\"auto, (max-width: 1024px) 100vw, 1024px\" \/><figcaption class=\"wp-element-caption\">Birra ceca<\/figcaption><\/figure>\n\n\n\n<p>Praga \u00e8 una citt\u00e0 relativamente <strong>citt\u00e0 accessibile<\/strong> rispetto ad altre grandi capitali europee, \u00e8 comunque essenziale tenere conto del proprio budget. I prezzi di cibo, bevande e alloggi variano notevolmente a seconda del luogo in cui ci si reca. Tuttavia, con un po' di pianificazione e di ricerca, potrete trovare ottime offerte e sfruttare al meglio il vostro viaggio a Praga.<\/p>\n\n\n\n<p>Se avete bisogno di informazioni privilegiate sulla citt\u00e0, <a href=\"https:\/\/prague-stag-do.com\/it\/\">Addio al celibato a Praga<\/a> sar\u00e0 lieto di assistervi nell'ottimizzazione del vostro viaggio in questa colorata citt\u00e0.<\/p>","protected":false},"excerpt":{"rendered":"<p>Praga \u00e8 la capitale e la citt\u00e0 pi\u00f9 grande della Repubblica Ceca, situata nell'Europa centrale. \u00c8 una citt\u00e0 ricca di storia, cultura e bellezza. Con la sua splendida architettura, i suoi monumenti mozzafiato e la sua vivace vita notturna, Praga \u00e8 una destinazione imperdibile per qualsiasi viaggiatore, soprattutto per un gruppo di addio al celibato. Uno dei punti di riferimento pi\u00f9 iconici di Praga ... <a href=\"https:\/\/prague-stag-do.com\/it\/su-praga\/\">Continua<\/a><\/p>","protected":false},"author":41,"featured_media":231,"parent":0,"menu_order":0,"comment_status":"closed","ping_status":"closed","template":"","meta":{"footnotes":""},"class_list":["post-191","page","type-page","status-publish","has-post-thumbnail","hentry"],"acf":{"page_subheading":"Discover the magic of Prague \u2014 a traditional lively European capital where history, culture, and nightlife collide to form an ideal stag do destination. "},"_links":{"self":[{"href":"https:\/\/prague-stag-do.com\/it\/wp-json\/wp\/v2\/pages\/191","targetHints":{"allow":["GET"]}}],"collection":[{"href":"https:\/\/prague-stag-do.com\/it\/wp-json\/wp\/v2\/pages"}],"about":[{"href":"https:\/\/prague-stag-do.com\/it\/wp-json\/wp\/v2\/types\/page"}],"author":[{"embeddable":true,"href":"https:\/\/prague-stag-do.com\/it\/wp-json\/wp\/v2\/users\/41"}],"replies":[{"embeddable":true,"href":"https:\/\/prague-stag-do.com\/it\/wp-json\/wp\/v2\/comments?post=191"}],"version-history":[{"count":6,"href":"https:\/\/prague-stag-do.com\/it\/wp-json\/wp\/v2\/pages\/191\/revisions"}],"predecessor-version":[{"id":420,"href":"https:\/\/prague-stag-do.com\/it\/wp-json\/wp\/v2\/pages\/191\/revisions\/420"}],"wp:featuredmedia":[{"embeddable":true,"href":"https:\/\/prague-stag-do.com\/it\/wp-json\/wp\/v2\/media\/231"}],"wp:attachment":[{"href":"https:\/\/prague-stag-do.com\/it\/wp-json\/wp\/v2\/media?parent=191"}],"curies":[{"name":"wp","href":"https:\/\/api.w.org\/{rel}","templated":true}]}}