{"id":156,"date":"2022-12-22T14:46:33","date_gmt":"2022-12-22T14:46:33","guid":{"rendered":"https:\/\/prague-stag-do.com\/?page_id=156"},"modified":"2026-02-24T09:05:21","modified_gmt":"2026-02-24T09:05:21","slug":"chi-siamo","status":"publish","type":"page","link":"https:\/\/prague-stag-do.com\/it\/chi-siamo\/","title":{"rendered":"Chi siamo"},"content":{"rendered":"<p>Il mio team si dedica a <strong>vi assiste nella pianificazione del pi\u00f9 bel weekend di addio al celibato a Praga<\/strong> e garantire a voi e ai vostri amici un'esperienza indimenticabile e senza stress. Sappiamo che organizzare un viaggio pu\u00f2 essere impegnativo, soprattutto un addio al celibato. Tuttavia, con il nostro aiuto, potrete essere certi che tutto sar\u00e0 gestito in modo efficace.<\/p>\n\n\n\n<figure class=\"wp-block-image size-large\"><img loading=\"lazy\" decoding=\"async\" width=\"1024\" height=\"669\" src=\"https:\/\/prague-stag-do.com\/wp-content\/uploads\/Prague-party-1024x669.webp\" alt=\"Festa di Praga\" class=\"wp-image-35\" srcset=\"https:\/\/prague-stag-do.com\/wp-content\/uploads\/Prague-party-1024x669.webp 1024w, https:\/\/prague-stag-do.com\/wp-content\/uploads\/Prague-party-300x196.webp 300w, https:\/\/prague-stag-do.com\/wp-content\/uploads\/Prague-party-768x502.webp 768w, https:\/\/prague-stag-do.com\/wp-content\/uploads\/Prague-party-1536x1004.webp 1536w, https:\/\/prague-stag-do.com\/wp-content\/uploads\/Prague-party-2048x1339.webp 2048w, https:\/\/prague-stag-do.com\/wp-content\/uploads\/Prague-party-18x12.webp 18w, https:\/\/prague-stag-do.com\/wp-content\/uploads\/Prague-party-scaled.webp 1920w\" sizes=\"auto, (max-width: 1024px) 100vw, 1024px\" \/><figcaption class=\"wp-element-caption\">Festa di Praga<\/figcaption><\/figure>\n\n\n\n<p>Ci impegniamo a garantire che tutto si svolga senza intoppi e che possiate vivere il momento pi\u00f9 bello della vostra vita. Vi assisteremo in <strong>evitare gli errori pi\u00f9 comuni<\/strong>Come ad esempio prenotare un alloggio troppo lontano dalle attivit\u00e0, spendere troppi soldi per le attivit\u00e0 o programmare qualcosa che richiede una mente lucida dopo una notte di bevute pesanti.<\/p>\n\n\n\n<p>Lasciateci gestire i dettagli e creare un itinerario attentamente pianificato che vi permetta di concentrarvi sui festeggiamenti e sul divertimento con i vostri amici. Affidatevi a noi per rendere il vostro weekend di addio al celibato a Praga una <strong>un'esperienza indimenticabile e senza stress<\/strong>.<\/p>\n\n\n\n<h2 class=\"wp-block-heading\">Esperti di addio al celibato con anni di esperienza<\/h2>\n\n\n\n<p><strong>Dal 2015<\/strong>Abbiamo aiutato molti uomini a festeggiare il loro addio al celibato con ricordi indimenticabili. Essendo una societ\u00e0 di viaggi finanziariamente protetta, potete fidarvi del fatto che il vostro denaro \u00e8 al sicuro con noi.<\/p>\n\n\n\n<p>Il nostro <strong>opzioni di prenotazione personalizzabili<\/strong> vi permette di pianificare in modo efficiente il weekend selvaggio ideale a Praga. Inoltre, ci assicureremo che la vostra esperienza sia priva di stress e piacevole, in modo che possiate risparmiare energie per l'addio al celibato definitivo.<\/p>\n\n\n\n<figure class=\"wp-block-image size-large\"><img loading=\"lazy\" decoding=\"async\" width=\"1024\" height=\"683\" src=\"https:\/\/prague-stag-do.com\/wp-content\/uploads\/Beer-tasting-group-1024x683.webp\" alt=\"Degustazione di birra\" class=\"wp-image-77\" srcset=\"https:\/\/prague-stag-do.com\/wp-content\/uploads\/Beer-tasting-group-1024x683.webp 1024w, https:\/\/prague-stag-do.com\/wp-content\/uploads\/Beer-tasting-group-300x200.webp 300w, https:\/\/prague-stag-do.com\/wp-content\/uploads\/Beer-tasting-group-768x512.webp 768w, https:\/\/prague-stag-do.com\/wp-content\/uploads\/Beer-tasting-group-1536x1024.webp 1536w, https:\/\/prague-stag-do.com\/wp-content\/uploads\/Beer-tasting-group-2048x1365.webp 2048w, https:\/\/prague-stag-do.com\/wp-content\/uploads\/Beer-tasting-group-18x12.webp 18w, https:\/\/prague-stag-do.com\/wp-content\/uploads\/Beer-tasting-group-scaled.webp 1920w\" sizes=\"auto, (max-width: 1024px) 100vw, 1024px\" \/><figcaption class=\"wp-element-caption\">Addio al celibato a Praga<\/figcaption><\/figure>\n\n\n\n<p>Praga \u00e8 una citt\u00e0 ricca di <strong>cultura, storia e un'eccitante vita notturna<\/strong>. \u00c8 la destinazione perfetta per festeggiare l'ultima notte di libert\u00e0 con gli amici. Sia che vogliate ballare tutta la notte nei club o scoprire gli splendidi monumenti e l'architettura della citt\u00e0, Praga ha qualcosa per tutti.<\/p>\n\n\n\n<p>Siamo orgogliosi di offrire un servizio eccellente a <strong>prezzi accessibili<\/strong> e avere forti relazioni con i nostri <strong>partner di fiducia<\/strong> <strong>aziende<\/strong> a Praga. Offrono una variet\u00e0 di attivit\u00e0 uniche che vi faranno vivere esperienze indimenticabili. Abbiamo scelto con cura questi partner perch\u00e9 sono in linea con i nostri valori e forniscono un servizio di alta qualit\u00e0.<\/p>\n\n\n\n<h2 class=\"wp-block-heading\">Ecco cosa portiamo in tavola<\/h2>\n\n\n\n<p>Nella nostra azienda sappiamo che ogni gruppo di ragazzi \u00e8 unico. Ecco perch\u00e9 prendiamo in considerazione <strong>approccio personalizzato<\/strong> per organizzare il vostro weekend di addio al celibato a Praga.<\/p>\n\n\n\n<p>Crediamo che conoscendo il vostro gruppo, i vostri interessi e le vostre preferenze specifiche, potremo creare un <strong>esperienza personalizzata e memorabile<\/strong> che si adatta veramente alle vostre esigenze. Che siate alla ricerca di un weekend di festa sfrenata o di una celebrazione pi\u00f9 tranquilla, siamo qui per aiutarvi a pianificare l'addio al celibato perfetto a Praga.<\/p>\n\n\n\n<p>Siamo <strong>disponibile 24 ore su 24, 7 giorni su 7, per assistervi<\/strong> per qualsiasi domanda o problema che possa sorgere e fornirvi tutte le informazioni necessarie per sfruttare al meglio il vostro soggiorno a Praga.<\/p>\n\n\n\n<p>Il nostro <strong>competenze e conoscenze locali<\/strong> pu\u00f2 farvi risparmiare denaro e tempo evitando errori costosi e itinerari mal pianificati.<\/p>\n\n\n\n<p>Non esitate. <a href=\"https:\/\/prague-stag-do.com\/it\/inchiesta\/\">informarsi ora<\/a> e lasciate che vi aiutiamo a pianificare l'addio al celibato definitivo a Praga.<\/p>\n\n\n\n<p>Scoprite dove potete andare per un addio al celibato con noi:<\/p>\n\n\n\n<ul class=\"wp-block-list\">\n<li><a href=\"https:\/\/amsterdam-stag-do.com\/\">Addio al celibato ad Amsterdam<\/a><\/li>\n\n\n\n<li><a href=\"https:\/\/berlin-stag-do.com\/\">Addio al celibato a Berlino<\/a><\/li>\n\n\n\n<li><a href=\"https:\/\/hamburgstagdo.com\/\">Addio al celibato ad Amburgo<\/a><\/li>\n\n\n\n<li><a href=\"https:\/\/hvarstagdo.com\/\">Addio al celibato a Hvar<\/a><\/li>\n\n\n\n<li><a href=\"https:\/\/lisbonstagdo.com\/\">Addio al celibato a Lisbona<\/a><\/li>\n\n\n\n<li><a href=\"https:\/\/munichstagdo.com\/\">Addio al celibato a Monaco<\/a><\/li>\n\n\n\n<li><a href=\"https:\/\/riga-stag-do.com\/\">Addio al celibato a Riga<\/a><\/li>\n\n\n\n<li><a href=\"https:\/\/stagpartyljubljana.com\/\">Addio al celibato a Lubiana<\/a><\/li>\n\n\n\n<li><a href=\"https:\/\/ibizastagdo.com\">Addio al celibato a Ibiza<\/a><\/li>\n\n\n\n<li><a href=\"https:\/\/benidorm-stag-do.com\/\">Addio al celibato a Benidorm<\/a><\/li>\n\n\n\n<li><a href=\"https:\/\/budapest-stag-do.com\/\">Addio al celibato a Budapest<\/a><\/li>\n\n\n\n<li><a href=\"https:\/\/stagdovegas.com\/\">Addio al celibato a Las Vegas<\/a><\/li>\n\n\n\n<li><a href=\"https:\/\/stagdobarcelona.com\/\">Addio al celibato a Barcellona<\/a><\/li>\n\n\n\n<li><a href=\"https:\/\/stagdozagreb.com\/\">Addio al celibato a Zagabria<\/a><\/li>\n\n\n\n<li><a href=\"https:\/\/splitstagdo.com\/\">Addio al celibato a Spalato<\/a><\/li>\n\n\n\n<li><a href=\"https:\/\/dubrovnikstagdo.com\/\">Addio al celibato a Dubrovnik<\/a><\/li>\n\n\n\n<li><a href=\"https:\/\/madridstagdo.com\/\">Addio al celibato a Madrid<\/a><\/li>\n\n\n\n<li><a href=\"https:\/\/bucharest-stag-do.com\/\">Addio al celibato a Bucarest<\/a><\/li>\n\n\n\n<li><a href=\"https:\/\/albufeirastagdo.com\/\">Addio al celibato ad Albufeira<\/a><\/li>\n\n\n\n<li><a href=\"https:\/\/dublinstagdo.com\/\">Addio al celibato a Dublino<\/a><\/li>\n\n\n\n<li><a href=\"https:\/\/stagdokrakow.com\/\">Addio al celibato a Cracovia<\/a><\/li>\n<\/ul>","protected":false},"excerpt":{"rendered":"<p>Il mio team si dedica ad assistervi nella pianificazione del pi\u00f9 bel weekend di addio al celibato a Praga e a garantire a voi e ai vostri amici un'esperienza indimenticabile e priva di stress. Sappiamo che organizzare un viaggio pu\u00f2 essere impegnativo, soprattutto un addio al celibato. Tuttavia, con il nostro aiuto, potrete essere certi che tutto sar\u00e0 gestito ... <a href=\"https:\/\/prague-stag-do.com\/it\/chi-siamo\/\">Continua<\/a><\/p>","protected":false},"author":41,"featured_media":148,"parent":0,"menu_order":0,"comment_status":"closed","ping_status":"closed","template":"","meta":{"footnotes":""},"class_list":["post-156","page","type-page","status-publish","has-post-thumbnail","hentry"],"acf":{"page_subheading":"Let us help you plan the perfect stag do in Prague and celebrate this special occasion without any stress \u2013 we are here to make it easy and enjoyable for you."},"_links":{"self":[{"href":"https:\/\/prague-stag-do.com\/it\/wp-json\/wp\/v2\/pages\/156","targetHints":{"allow":["GET"]}}],"collection":[{"href":"https:\/\/prague-stag-do.com\/it\/wp-json\/wp\/v2\/pages"}],"about":[{"href":"https:\/\/prague-stag-do.com\/it\/wp-json\/wp\/v2\/types\/page"}],"author":[{"embeddable":true,"href":"https:\/\/prague-stag-do.com\/it\/wp-json\/wp\/v2\/users\/41"}],"replies":[{"embeddable":true,"href":"https:\/\/prague-stag-do.com\/it\/wp-json\/wp\/v2\/comments?post=156"}],"version-history":[{"count":20,"href":"https:\/\/prague-stag-do.com\/it\/wp-json\/wp\/v2\/pages\/156\/revisions"}],"predecessor-version":[{"id":21141,"href":"https:\/\/prague-stag-do.com\/it\/wp-json\/wp\/v2\/pages\/156\/revisions\/21141"}],"wp:featuredmedia":[{"embeddable":true,"href":"https:\/\/prague-stag-do.com\/it\/wp-json\/wp\/v2\/media\/148"}],"wp:attachment":[{"href":"https:\/\/prague-stag-do.com\/it\/wp-json\/wp\/v2\/media?parent=156"}],"curies":[{"name":"wp","href":"https:\/\/api.w.org\/{rel}","templated":true}]}}