{"id":201,"date":"2022-12-22T14:48:42","date_gmt":"2022-12-22T14:48:42","guid":{"rendered":"https:\/\/prague-stag-do.com\/?page_id=201"},"modified":"2023-09-05T08:44:26","modified_gmt":"2023-09-05T08:44:26","slug":"comment-se-rendre-a-prague","status":"publish","type":"page","link":"https:\/\/prague-stag-do.com\/fr\/comment-se-rendre-a-prague\/","title":{"rendered":"Comment se rendre \u00e0 Prague"},"content":{"rendered":"<p>Prague est la capitale et la plus grande ville de la R\u00e9publique tch\u00e8que, situ\u00e9e en Europe centrale. C'est une destination populaire pour les touristes et les enterrements de vie de gar\u00e7on en raison de sa riche histoire, de son architecture \u00e9tonnante et de sa vie nocturne anim\u00e9e. Voici quelques options pour se rendre \u00e0 Prague :<\/p>\n\n\n\n<figure class=\"wp-block-image size-large\"><img loading=\"lazy\" decoding=\"async\" width=\"1024\" height=\"679\" src=\"https:\/\/prague-stag-do.com\/wp-content\/uploads\/private-river-cruise-prague-1024x679.webp\" alt=\"Prague\" class=\"wp-image-23\" srcset=\"https:\/\/prague-stag-do.com\/wp-content\/uploads\/private-river-cruise-prague-1024x679.webp 1024w, https:\/\/prague-stag-do.com\/wp-content\/uploads\/private-river-cruise-prague-300x199.webp 300w, https:\/\/prague-stag-do.com\/wp-content\/uploads\/private-river-cruise-prague-768x509.webp 768w, https:\/\/prague-stag-do.com\/wp-content\/uploads\/private-river-cruise-prague-1536x1018.webp 1536w, https:\/\/prague-stag-do.com\/wp-content\/uploads\/private-river-cruise-prague-2048x1357.webp 2048w, https:\/\/prague-stag-do.com\/wp-content\/uploads\/private-river-cruise-prague-18x12.webp 18w, https:\/\/prague-stag-do.com\/wp-content\/uploads\/private-river-cruise-prague-scaled.webp 1920w\" sizes=\"auto, (max-width: 1024px) 100vw, 1024px\" \/><figcaption class=\"wp-element-caption\">Prague<\/figcaption><\/figure>\n\n\n\n<h2 class=\"wp-block-heading\">Avion<\/h2>\n\n\n\n<p>L'a\u00e9roport principal de Prague est <strong>A\u00e9roport V\u00e1clav Havel<\/strong>L'a\u00e9roport de Prague est \u00e9galement connu sous le nom d'a\u00e9roport de Prague. Il est situ\u00e9 \u00e0 environ 15 kilom\u00e8tres au nord-ouest du centre de la ville. L'a\u00e9roport est bien desservi par des vols en provenance des principales villes europ\u00e9ennes et de destinations internationales. Vous pouvez prendre un taxi ou les transports publics depuis l'a\u00e9roport pour vous rendre \u00e0 votre destination dans la ville.<\/p>\n\n\n\n<h2 class=\"wp-block-heading\">Train<\/h2>\n\n\n\n<p>Prague dispose d'un vaste r\u00e9seau ferroviaire qui relie la ville \u00e0 d'autres r\u00e9gions d'Europe. La ville poss\u00e8de <strong>deux gares principales<\/strong>: Praha hlavn\u00ed n\u00e1dra\u017e\u00ed (gare centrale de Prague) et Praha Hole\u0161ovice. Depuis ces gares, vous pouvez prendre un train pour des destinations dans toute la R\u00e9publique tch\u00e8que et en Europe.<\/p>\n\n\n\n<figure class=\"wp-block-image size-large\"><img loading=\"lazy\" decoding=\"async\" width=\"1024\" height=\"684\" src=\"https:\/\/prague-stag-do.com\/wp-content\/uploads\/Transfer-1024x684.webp\" alt=\"\" class=\"wp-image-68\" srcset=\"https:\/\/prague-stag-do.com\/wp-content\/uploads\/Transfer-1024x684.webp 1024w, https:\/\/prague-stag-do.com\/wp-content\/uploads\/Transfer-300x200.webp 300w, https:\/\/prague-stag-do.com\/wp-content\/uploads\/Transfer-768x513.webp 768w, https:\/\/prague-stag-do.com\/wp-content\/uploads\/Transfer-1536x1025.webp 1536w, https:\/\/prague-stag-do.com\/wp-content\/uploads\/Transfer-2048x1367.webp 2048w, https:\/\/prague-stag-do.com\/wp-content\/uploads\/Transfer-18x12.webp 18w, https:\/\/prague-stag-do.com\/wp-content\/uploads\/Transfer-scaled.webp 1920w\" sizes=\"auto, (max-width: 1024px) 100vw, 1024px\" \/><figcaption class=\"wp-element-caption\">Se rendre \u00e0 Prague en voiture<\/figcaption><\/figure>\n\n\n\n<h2 class=\"wp-block-heading\">Voiture<\/h2>\n\n\n\n<p>Prague est facilement accessible en voiture. Elle est reli\u00e9e au reste de l'Europe par l'interm\u00e9diaire d'une <strong>r\u00e9seau d'autoroutes<\/strong>. Si vous vous rendez \u00e0 Prague depuis l'\u00e9tranger, vous pouvez emprunter l'autoroute A2 depuis l'Allemagne, l'A3 depuis l'Autriche ou l'E65 depuis la Slovaquie. Si vous venez de plus loin, vous pouvez \u00e9galement prendre la E50 depuis l'Europe occidentale ou la E371 depuis l'Europe orientale.<\/p>\n\n\n\n<h2 class=\"wp-block-heading\">Bus<\/h2>\n\n\n\n<p>Prague est desservie par un <strong>un vaste r\u00e9seau de bus longue distance<\/strong>Le bus est un moyen abordable et pratique de se rendre \u00e0 Prague. De nombreuses grandes villes europ\u00e9ennes ont des liaisons directes en bus avec Prague, et vous pouvez facilement trouver des billets en ligne ou dans une agence de voyage locale.<\/p>\n\n\n\n<p>Quel que soit le moyen que vous choisissez pour vous rendre \u00e0 Prague, il est essentiel de <strong>planifier votre voyage \u00e0 l'avance<\/strong> et tenez compte de votre budget et de vos pr\u00e9f\u00e9rences de voyage. Avec un peu de planification, vous pourrez facilement trouver le meilleur moyen de vous rendre dans cette ville magnifique et dynamique.<\/p>\n\n\n\n<p>Si vous choisissez de voyager avec nous, nous allons <strong>vous fournir toutes les informations pertinentes<\/strong> sur la fa\u00e7on de se rendre \u00e0 Prague et de vous loger au mieux dans la ville.&nbsp;<\/p>\n\n\n\n<p>V\u00e9rifiez <a href=\"http:\/\/prague-stag-do.com\/fr\/\">Enterrement de vie de gar\u00e7on \u00e0 Prague<\/a> et d\u00e9couvrez ce que nous pouvons faire d'autre pour vous !<\/p>","protected":false},"excerpt":{"rendered":"<p>Prague est la capitale et la plus grande ville de la R\u00e9publique tch\u00e8que, situ\u00e9e en Europe centrale. C'est une destination populaire pour les touristes et les enterrements de vie de gar\u00e7on en raison de sa riche histoire, de son architecture \u00e9tonnante et de sa vie nocturne anim\u00e9e. Voici quelques options pour vous rendre \u00e0 Prague : Avion L'a\u00e9roport principal de Prague est l'a\u00e9roport V\u00e1clav Havel, \u00e9galement ... <a href=\"https:\/\/prague-stag-do.com\/fr\/comment-se-rendre-a-prague\/\">Suite<\/a><\/p>","protected":false},"author":41,"featured_media":133,"parent":0,"menu_order":0,"comment_status":"closed","ping_status":"closed","template":"","meta":{"footnotes":""},"class_list":["post-201","page","type-page","status-publish","has-post-thumbnail","hentry"],"acf":{"page_subheading":"Discover the easiest and most convenient ways to travel to Prague, the stunning capital of the Czech Republic."},"_links":{"self":[{"href":"https:\/\/prague-stag-do.com\/fr\/wp-json\/wp\/v2\/pages\/201","targetHints":{"allow":["GET"]}}],"collection":[{"href":"https:\/\/prague-stag-do.com\/fr\/wp-json\/wp\/v2\/pages"}],"about":[{"href":"https:\/\/prague-stag-do.com\/fr\/wp-json\/wp\/v2\/types\/page"}],"author":[{"embeddable":true,"href":"https:\/\/prague-stag-do.com\/fr\/wp-json\/wp\/v2\/users\/41"}],"replies":[{"embeddable":true,"href":"https:\/\/prague-stag-do.com\/fr\/wp-json\/wp\/v2\/comments?post=201"}],"version-history":[{"count":8,"href":"https:\/\/prague-stag-do.com\/fr\/wp-json\/wp\/v2\/pages\/201\/revisions"}],"predecessor-version":[{"id":3573,"href":"https:\/\/prague-stag-do.com\/fr\/wp-json\/wp\/v2\/pages\/201\/revisions\/3573"}],"wp:featuredmedia":[{"embeddable":true,"href":"https:\/\/prague-stag-do.com\/fr\/wp-json\/wp\/v2\/media\/133"}],"wp:attachment":[{"href":"https:\/\/prague-stag-do.com\/fr\/wp-json\/wp\/v2\/media?parent=201"}],"curies":[{"name":"wp","href":"https:\/\/api.w.org\/{rel}","templated":true}]}}