{"id":191,"date":"2022-12-22T14:47:55","date_gmt":"2022-12-22T14:47:55","guid":{"rendered":"https:\/\/prague-stag-do.com\/?page_id=191"},"modified":"2023-09-05T08:44:30","modified_gmt":"2023-09-05T08:44:30","slug":"a-propos-de-prague","status":"publish","type":"page","link":"https:\/\/prague-stag-do.com\/fr\/a-propos-de-prague\/","title":{"rendered":"\u00c0 propos de Prague"},"content":{"rendered":"<p>Prague est le <strong>capitale et plus grande ville de la R\u00e9publique tch\u00e8que<\/strong>situ\u00e9e en Europe centrale. C'est une ville riche en histoire, en culture et en beaut\u00e9. Avec ses superbes <strong>architecture<\/strong>\u00e0 couper le souffle <strong>points de rep\u00e8re<\/strong>et <strong>une vie nocturne anim\u00e9e<\/strong> Prague est une destination incontournable pour tout voyageur, en particulier pour un groupe d'enterrement de vie de gar\u00e7on.<\/p>\n\n\n\n<figure class=\"wp-block-image size-large\"><img loading=\"lazy\" decoding=\"async\" width=\"1024\" height=\"680\" src=\"https:\/\/prague-stag-do.com\/wp-content\/uploads\/Prague-River-at-night-1024x680.webp\" alt=\"Prague la nuit\" class=\"wp-image-233\" srcset=\"https:\/\/prague-stag-do.com\/wp-content\/uploads\/Prague-River-at-night-1024x680.webp 1024w, https:\/\/prague-stag-do.com\/wp-content\/uploads\/Prague-River-at-night-300x199.webp 300w, https:\/\/prague-stag-do.com\/wp-content\/uploads\/Prague-River-at-night-768x510.webp 768w, https:\/\/prague-stag-do.com\/wp-content\/uploads\/Prague-River-at-night-1536x1020.webp 1536w, https:\/\/prague-stag-do.com\/wp-content\/uploads\/Prague-River-at-night-2048x1360.webp 2048w, https:\/\/prague-stag-do.com\/wp-content\/uploads\/Prague-River-at-night-18x12.webp 18w, https:\/\/prague-stag-do.com\/wp-content\/uploads\/Prague-River-at-night-scaled.webp 1920w\" sizes=\"auto, (max-width: 1024px) 100vw, 1024px\" \/><figcaption class=\"wp-element-caption\">Prague la nuit<\/figcaption><\/figure>\n\n\n\n<p>L'un des points de rep\u00e8re les plus embl\u00e9matiques de Prague est le <strong>Pont Charles<\/strong>un pont m\u00e9di\u00e9val en pierre qui enjambe le <strong>Rivi\u00e8re Vltava<\/strong>. Le pont est orn\u00e9 de statues de saints et est un endroit populaire pour les touristes qui veulent profiter de la vue magnifique de la ville. Parmi les autres sites incontournables de Prague, citons <strong>Prague<\/strong> <strong>Ch\u00e2teau<\/strong>le plus grand ch\u00e2teau ancien du monde, et le plus grand ch\u00e2teau de l'Europe. <strong>Place de la vieille ville<\/strong>L'h\u00f4tel est un centre d'activit\u00e9 anim\u00e9 avec sa c\u00e9l\u00e8bre horloge astronomique et ses nombreux bars et restaurants.<\/p>\n\n\n\n<h2 class=\"wp-block-heading\">La vie nocturne de Prague<\/h2>\n\n\n\n<p>Prague est connue pour son <strong>une vie nocturne anim\u00e9e<\/strong>La ville offre un large \u00e9ventail de possibilit\u00e9s aux visiteurs. De nombreux touristes affluent dans la ville pour sa sc\u00e8ne anim\u00e9e de bars et de clubs, qui comprend un m\u00e9lange de pubs tch\u00e8ques traditionnels et de clubs modernes.<\/p>\n\n\n\n<p>Un quartier populaire pour la vie nocturne \u00e0 Prague est le <strong>Vieille ville<\/strong>o\u00f9 vous trouverez une vari\u00e9t\u00e9 de bars et de clubs, ainsi que des lieux de musique live. L'historique <strong>Pont Charles<\/strong> est \u00e9galement un endroit populaire pour la vie nocturne, avec plusieurs bars et clubs situ\u00e9s dans le quartier.<\/p>\n\n\n\n<p>Si vous recherchez une soir\u00e9e plus d\u00e9contract\u00e9e, il y a \u00e9galement de nombreuses possibilit\u00e9s d'activit\u00e9s de loisirs. <strong>pubs tch\u00e8ques traditionnels<\/strong>ou \"<strong>hospody<\/strong>\u00e9parpill\u00e9s dans la ville. Ces pubs servent souvent de la bi\u00e8re et de la nourriture tch\u00e8ques authentiques et ont souvent de la musique live ou d'autres divertissements.<\/p>\n\n\n\n<p>Les offres de vie nocturne de Prague <strong>quelque chose pour tout le monde<\/strong>La vie nocturne est tr\u00e8s vari\u00e9e, allant des clubs et des bars anim\u00e9s aux pubs plus discrets et aux salles de concert. Cela vaut la peine d'explorer les diff\u00e9rents quartiers de la ville pour trouver le type de vie nocturne qui correspond le mieux \u00e0 vos pr\u00e9f\u00e9rences.<\/p>\n\n\n\n<h2 class=\"wp-block-heading\">Avec des conseils appropri\u00e9s, Prague peut \u00eatre facile pour votre porte-monnaie.<\/h2>\n\n\n\n<p>En ce qui concerne la nourriture et les boissons, Prague abrite une grande vari\u00e9t\u00e9 de restaurants, de caf\u00e9s et de pubs. La ville est connue pour ses d\u00e9licieux <strong>la cuisine tch\u00e8que traditionnelle<\/strong>comme r<strong>r\u00f4ti de porc avec boulettes et choucroute<\/strong>ainsi que son excellente bi\u00e8re. <strong>Bi\u00e8re tch\u00e8que<\/strong> est l'un des meilleurs au monde et est un must pour tout visiteur de Prague.<\/p>\n\n\n\n<figure class=\"wp-block-image size-large\"><img loading=\"lazy\" decoding=\"async\" width=\"1024\" height=\"683\" src=\"https:\/\/prague-stag-do.com\/wp-content\/uploads\/beer-samples-1024x683.webp\" alt=\"\" class=\"wp-image-268\" srcset=\"https:\/\/prague-stag-do.com\/wp-content\/uploads\/beer-samples-1024x683.webp 1024w, https:\/\/prague-stag-do.com\/wp-content\/uploads\/beer-samples-300x200.webp 300w, https:\/\/prague-stag-do.com\/wp-content\/uploads\/beer-samples-768x512.webp 768w, https:\/\/prague-stag-do.com\/wp-content\/uploads\/beer-samples-1536x1024.webp 1536w, https:\/\/prague-stag-do.com\/wp-content\/uploads\/beer-samples-2048x1365.webp 2048w, https:\/\/prague-stag-do.com\/wp-content\/uploads\/beer-samples-18x12.webp 18w, https:\/\/prague-stag-do.com\/wp-content\/uploads\/beer-samples-scaled.webp 1920w\" sizes=\"auto, (max-width: 1024px) 100vw, 1024px\" \/><figcaption class=\"wp-element-caption\">Bi\u00e8re tch\u00e8que<\/figcaption><\/figure>\n\n\n\n<p>Bien que Prague soit une ville relativement <strong>ville abordable<\/strong> Par rapport \u00e0 d'autres grandes capitales europ\u00e9ennes, il est toujours essentiel de faire attention \u00e0 son budget. Les prix de la nourriture, des boissons et de l'h\u00e9bergement varient consid\u00e9rablement selon l'endroit o\u00f9 vous allez. Cependant, avec un peu de planification et de recherche, vous pouvez trouver de bonnes affaires et tirer le meilleur parti de votre voyage \u00e0 Prague.<\/p>\n\n\n\n<p>Si vous avez besoin d'informations privil\u00e9gi\u00e9es sur la ville, <a href=\"https:\/\/prague-stag-do.com\/fr\/\">Enterrement de vie de gar\u00e7on \u00e0 Prague<\/a> se fera un plaisir de vous aider \u00e0 optimiser votre voyage dans cette ville color\u00e9e.<\/p>","protected":false},"excerpt":{"rendered":"<p>Prague est la capitale et la plus grande ville de la R\u00e9publique tch\u00e8que, situ\u00e9e en Europe centrale. C'est une ville riche en histoire, en culture et en beaut\u00e9. Avec son architecture \u00e9tonnante, ses monuments \u00e0 couper le souffle et sa vie nocturne tr\u00e9pidante, Prague est une destination incontournable pour tout voyageur, en particulier pour un enterrement de vie de gar\u00e7on. L'un des monuments les plus embl\u00e9matiques de Prague ... <a href=\"https:\/\/prague-stag-do.com\/fr\/a-propos-de-prague\/\">Suite<\/a><\/p>","protected":false},"author":41,"featured_media":231,"parent":0,"menu_order":0,"comment_status":"closed","ping_status":"closed","template":"","meta":{"footnotes":""},"class_list":["post-191","page","type-page","status-publish","has-post-thumbnail","hentry"],"acf":{"page_subheading":"Discover the magic of Prague \u2014 a traditional lively European capital where history, culture, and nightlife collide to form an ideal stag do destination. "},"_links":{"self":[{"href":"https:\/\/prague-stag-do.com\/fr\/wp-json\/wp\/v2\/pages\/191","targetHints":{"allow":["GET"]}}],"collection":[{"href":"https:\/\/prague-stag-do.com\/fr\/wp-json\/wp\/v2\/pages"}],"about":[{"href":"https:\/\/prague-stag-do.com\/fr\/wp-json\/wp\/v2\/types\/page"}],"author":[{"embeddable":true,"href":"https:\/\/prague-stag-do.com\/fr\/wp-json\/wp\/v2\/users\/41"}],"replies":[{"embeddable":true,"href":"https:\/\/prague-stag-do.com\/fr\/wp-json\/wp\/v2\/comments?post=191"}],"version-history":[{"count":6,"href":"https:\/\/prague-stag-do.com\/fr\/wp-json\/wp\/v2\/pages\/191\/revisions"}],"predecessor-version":[{"id":420,"href":"https:\/\/prague-stag-do.com\/fr\/wp-json\/wp\/v2\/pages\/191\/revisions\/420"}],"wp:featuredmedia":[{"embeddable":true,"href":"https:\/\/prague-stag-do.com\/fr\/wp-json\/wp\/v2\/media\/231"}],"wp:attachment":[{"href":"https:\/\/prague-stag-do.com\/fr\/wp-json\/wp\/v2\/media?parent=191"}],"curies":[{"name":"wp","href":"https:\/\/api.w.org\/{rel}","templated":true}]}}