{"id":156,"date":"2022-12-22T14:46:33","date_gmt":"2022-12-22T14:46:33","guid":{"rendered":"https:\/\/prague-stag-do.com\/?page_id=156"},"modified":"2026-02-24T09:05:21","modified_gmt":"2026-02-24T09:05:21","slug":"a-propos-de-nous","status":"publish","type":"page","link":"https:\/\/prague-stag-do.com\/fr\/a-propos-de-nous\/","title":{"rendered":"A propos de nous"},"content":{"rendered":"<p>Mon \u00e9quipe se consacre \u00e0 <strong>vous aider \u00e0 organiser l'ultime week-end d'enterrement de vie de gar\u00e7on \u00e0 Prague.<\/strong> et veiller \u00e0 ce que vous et vos amis viviez une exp\u00e9rience inoubliable et sans stress. Nous sommes conscients que l'organisation d'un voyage peut s'av\u00e9rer difficile, surtout pour un enterrement de vie de gar\u00e7on. Cependant, avec notre aide, vous pouvez \u00eatre s\u00fbr que tout sera g\u00e9r\u00e9 efficacement.<\/p>\n\n\n\n<figure class=\"wp-block-image size-large\"><img loading=\"lazy\" decoding=\"async\" width=\"1024\" height=\"669\" src=\"https:\/\/prague-stag-do.com\/wp-content\/uploads\/Prague-party-1024x669.webp\" alt=\"F\u00eate de Prague\" class=\"wp-image-35\" srcset=\"https:\/\/prague-stag-do.com\/wp-content\/uploads\/Prague-party-1024x669.webp 1024w, https:\/\/prague-stag-do.com\/wp-content\/uploads\/Prague-party-300x196.webp 300w, https:\/\/prague-stag-do.com\/wp-content\/uploads\/Prague-party-768x502.webp 768w, https:\/\/prague-stag-do.com\/wp-content\/uploads\/Prague-party-1536x1004.webp 1536w, https:\/\/prague-stag-do.com\/wp-content\/uploads\/Prague-party-2048x1339.webp 2048w, https:\/\/prague-stag-do.com\/wp-content\/uploads\/Prague-party-18x12.webp 18w, https:\/\/prague-stag-do.com\/wp-content\/uploads\/Prague-party-scaled.webp 1920w\" sizes=\"auto, (max-width: 1024px) 100vw, 1024px\" \/><figcaption class=\"wp-element-caption\">F\u00eate de Prague<\/figcaption><\/figure>\n\n\n\n<p>Nous nous engageons \u00e0 faire en sorte que tout se passe bien et que vous passiez le meilleur moment de votre vie. Nous vous aiderons \u00e0 <strong>\u00e9viter les erreurs courantes<\/strong>Vous pouvez par exemple r\u00e9server un h\u00e9bergement trop \u00e9loign\u00e9 des activit\u00e9s, d\u00e9penser trop d'argent pour les activit\u00e9s ou programmer une activit\u00e9 qui n\u00e9cessite d'avoir l'esprit clair apr\u00e8s une nuit de forte consommation d'alcool.<\/p>\n\n\n\n<p>Laissez-nous nous occuper des d\u00e9tails et cr\u00e9er un itin\u00e9raire soigneusement planifi\u00e9 qui vous permettra de vous concentrer sur la f\u00eate et de passer un bon moment avec vos amis. Faites-nous confiance pour faire de votre week-end d'enterrement de vie de gar\u00e7on \u00e0 Prague un moment inoubliable. <strong>une exp\u00e9rience inoubliable et sans stress<\/strong>.<\/p>\n\n\n\n<h2 class=\"wp-block-heading\">Des experts en enterrement de vie de gar\u00e7on avec des ann\u00e9es d'exp\u00e9rience<\/h2>\n\n\n\n<p><strong>Depuis 2015<\/strong>Nous avons aid\u00e9 de nombreux hommes \u00e0 c\u00e9l\u00e9brer leur enterrement de vie de gar\u00e7on avec des souvenirs inoubliables. En tant que compagnie de voyage financi\u00e8rement prot\u00e9g\u00e9e, vous pouvez \u00eatre s\u00fbr que votre argent est en s\u00e9curit\u00e9 avec nous.<\/p>\n\n\n\n<p>Notre site <strong>options de r\u00e9servation personnalisables<\/strong> vous permettent de planifier facilement et efficacement le week-end sauvage id\u00e9al \u00e0 Prague. De plus, nous ferons en sorte que votre exp\u00e9rience soit sans stress et agr\u00e9able afin que vous puissiez \u00e9conomiser votre \u00e9nergie pour l'ultime enterrement de vie de gar\u00e7on.<\/p>\n\n\n\n<figure class=\"wp-block-image size-large\"><img loading=\"lazy\" decoding=\"async\" width=\"1024\" height=\"683\" src=\"https:\/\/prague-stag-do.com\/wp-content\/uploads\/Beer-tasting-group-1024x683.webp\" alt=\"D\u00e9gustation de bi\u00e8res\" class=\"wp-image-77\" srcset=\"https:\/\/prague-stag-do.com\/wp-content\/uploads\/Beer-tasting-group-1024x683.webp 1024w, https:\/\/prague-stag-do.com\/wp-content\/uploads\/Beer-tasting-group-300x200.webp 300w, https:\/\/prague-stag-do.com\/wp-content\/uploads\/Beer-tasting-group-768x512.webp 768w, https:\/\/prague-stag-do.com\/wp-content\/uploads\/Beer-tasting-group-1536x1024.webp 1536w, https:\/\/prague-stag-do.com\/wp-content\/uploads\/Beer-tasting-group-2048x1365.webp 2048w, https:\/\/prague-stag-do.com\/wp-content\/uploads\/Beer-tasting-group-18x12.webp 18w, https:\/\/prague-stag-do.com\/wp-content\/uploads\/Beer-tasting-group-scaled.webp 1920w\" sizes=\"auto, (max-width: 1024px) 100vw, 1024px\" \/><figcaption class=\"wp-element-caption\">Enterrement de vie de gar\u00e7on \u00e0 Prague<\/figcaption><\/figure>\n\n\n\n<p>Prague est une ville pleine de <strong>la culture, l'histoire et une vie nocturne passionnante<\/strong>. C'est la destination id\u00e9ale pour c\u00e9l\u00e9brer votre derni\u00e8re nuit de libert\u00e9 avec vos amis. Que vous souhaitiez danser jusqu'au bout de la nuit dans les clubs ou d\u00e9couvrir les superbes monuments et l'architecture de la ville, Prague a quelque chose \u00e0 offrir \u00e0 chacun.<\/p>\n\n\n\n<p>Nous sommes fiers d'offrir un excellent service \u00e0 <strong>des prix abordables<\/strong> et avoir de solides relations avec nos <strong>partenaire de confiance<\/strong> <strong>entreprises<\/strong> \u00e0 Prague. Ils proposent une vari\u00e9t\u00e9 d'activit\u00e9s uniques qui vous permettront de vivre des exp\u00e9riences inoubliables. Nous avons soigneusement choisi ces partenaires car ils s'alignent sur nos valeurs et fournissent un service de qualit\u00e9 sup\u00e9rieure.<\/p>\n\n\n\n<h2 class=\"wp-block-heading\">Voici ce que nous apportons \u00e0 la table<\/h2>\n\n\n\n<p>Dans notre entreprise, nous comprenons que chaque groupe d'hommes est unique. C'est pourquoi nous prenons <strong>approche personnalis\u00e9e<\/strong> pour organiser votre week-end d'enterrement de vie de gar\u00e7on \u00e0 Prague.<\/p>\n\n\n\n<p>Nous pensons qu'en apprenant \u00e0 conna\u00eetre votre groupe ainsi que vos int\u00e9r\u00eats et pr\u00e9f\u00e9rences sp\u00e9cifiques, nous pouvons cr\u00e9er un programme d'\u00e9change d'informations. <strong>exp\u00e9rience personnalis\u00e9e et m\u00e9morable<\/strong> qui r\u00e9pond vraiment \u00e0 vos besoins. Que vous souhaitiez un week-end de f\u00eate ou une c\u00e9l\u00e9bration plus discr\u00e8te, nous sommes l\u00e0 pour vous aider \u00e0 organiser l'enterrement de vie de gar\u00e7on parfait \u00e0 Prague.<\/p>\n\n\n\n<p>Nous sommes <strong>disponible 24\/7 pour vous aider<\/strong> pour toute question ou probl\u00e8me qui pourrait survenir et vous fournir toutes les informations dont vous avez besoin pour profiter au maximum de votre s\u00e9jour \u00e0 Prague.<\/p>\n\n\n\n<p>Notre site <strong>expertise et connaissances locales<\/strong> peut vous faire gagner du temps et de l'argent en \u00e9vitant les erreurs co\u00fbteuses et les itin\u00e9raires mal planifi\u00e9s.<\/p>\n\n\n\n<p>N'h\u00e9sitez pas - <a href=\"https:\/\/prague-stag-do.com\/fr\/enquete\/\">se renseigner maintenant<\/a> et laissez-nous vous aider \u00e0 organiser l'ultime enterrement de vie de gar\u00e7on \u00e0 Prague.<\/p>\n\n\n\n<p>D\u00e9couvrez les autres endroits o\u00f9 vous pouvez vous rendre pour un enterrement de vie de gar\u00e7on avec nous :<\/p>\n\n\n\n<ul class=\"wp-block-list\">\n<li><a href=\"https:\/\/amsterdam-stag-do.com\/\">Enterrement de vie de gar\u00e7on \u00e0 Amsterdam<\/a><\/li>\n\n\n\n<li><a href=\"https:\/\/berlin-stag-do.com\/\">Enterrement de vie de gar\u00e7on \u00e0 Berlin<\/a><\/li>\n\n\n\n<li><a href=\"https:\/\/hamburgstagdo.com\/\">Hambourg Enterrement de vie de gar\u00e7on<\/a><\/li>\n\n\n\n<li><a href=\"https:\/\/hvarstagdo.com\/\">Enterrement de vie de gar\u00e7on \u00e0 Hvar<\/a><\/li>\n\n\n\n<li><a href=\"https:\/\/lisbonstagdo.com\/\">Enterrement de vie de gar\u00e7on \u00e0 Lisbonne<\/a><\/li>\n\n\n\n<li><a href=\"https:\/\/munichstagdo.com\/\">Enterrement de vie de gar\u00e7on \u00e0 Munich<\/a><\/li>\n\n\n\n<li><a href=\"https:\/\/riga-stag-do.com\/\">Enterrement de vie de gar\u00e7on \u00e0 Riga<\/a><\/li>\n\n\n\n<li><a href=\"https:\/\/stagpartyljubljana.com\/\">Enterrement de vie de gar\u00e7on \u00e0 Ljubljana<\/a><\/li>\n\n\n\n<li><a href=\"https:\/\/ibizastagdo.com\">Enterrement de vie de gar\u00e7on \u00e0 Ibiza<\/a><\/li>\n\n\n\n<li><a href=\"https:\/\/benidorm-stag-do.com\/\">Enterrement de vie de gar\u00e7on \u00e0 Benidorm<\/a><\/li>\n\n\n\n<li><a href=\"https:\/\/budapest-stag-do.com\/\">Enterrement de vie de gar\u00e7on \u00e0 Budapest<\/a><\/li>\n\n\n\n<li><a href=\"https:\/\/stagdovegas.com\/\">Enterrement de vie de gar\u00e7on \u00e0 Vegas<\/a><\/li>\n\n\n\n<li><a href=\"https:\/\/stagdobarcelona.com\/\">Enterrement de vie de gar\u00e7on \u00e0 Barcelone<\/a><\/li>\n\n\n\n<li><a href=\"https:\/\/stagdozagreb.com\/\">Enterrement de vie de gar\u00e7on \u00e0 Zagreb<\/a><\/li>\n\n\n\n<li><a href=\"https:\/\/splitstagdo.com\/\">Enterrement de vie de gar\u00e7on \u00e0 Split<\/a><\/li>\n\n\n\n<li><a href=\"https:\/\/dubrovnikstagdo.com\/\">Enterrement de vie de gar\u00e7on \u00e0 Dubrovnik<\/a><\/li>\n\n\n\n<li><a href=\"https:\/\/madridstagdo.com\/\">Enterrement de vie de gar\u00e7on \u00e0 Madrid<\/a><\/li>\n\n\n\n<li><a href=\"https:\/\/bucharest-stag-do.com\/\">Enterrement de vie de gar\u00e7on \u00e0 Bucarest<\/a><\/li>\n\n\n\n<li><a href=\"https:\/\/albufeirastagdo.com\/\">Enterrement de vie de gar\u00e7on \u00e0 Albufeira<\/a><\/li>\n\n\n\n<li><a href=\"https:\/\/dublinstagdo.com\/\">Enterrement de vie de gar\u00e7on \u00e0 Dublin<\/a><\/li>\n\n\n\n<li><a href=\"https:\/\/stagdokrakow.com\/\">Enterrement de vie de gar\u00e7on \u00e0 Cracovie<\/a><\/li>\n<\/ul>","protected":false},"excerpt":{"rendered":"<p>Mon \u00e9quipe se consacre \u00e0 vous aider \u00e0 planifier le meilleur week-end d'enterrement de vie de gar\u00e7on \u00e0 Prague et \u00e0 faire en sorte que vous et vos amis viviez une exp\u00e9rience inoubliable et sans stress. Nous sommes conscients que l'organisation d'un voyage peut s'av\u00e9rer difficile, en particulier pour un enterrement de vie de gar\u00e7on. Cependant, avec notre aide, vous pouvez \u00eatre s\u00fbr que tout sera g\u00e9r\u00e9 ... <a href=\"https:\/\/prague-stag-do.com\/fr\/a-propos-de-nous\/\">Suite<\/a><\/p>","protected":false},"author":41,"featured_media":148,"parent":0,"menu_order":0,"comment_status":"closed","ping_status":"closed","template":"","meta":{"footnotes":""},"class_list":["post-156","page","type-page","status-publish","has-post-thumbnail","hentry"],"acf":{"page_subheading":"Let us help you plan the perfect stag do in Prague and celebrate this special occasion without any stress \u2013 we are here to make it easy and enjoyable for you."},"_links":{"self":[{"href":"https:\/\/prague-stag-do.com\/fr\/wp-json\/wp\/v2\/pages\/156","targetHints":{"allow":["GET"]}}],"collection":[{"href":"https:\/\/prague-stag-do.com\/fr\/wp-json\/wp\/v2\/pages"}],"about":[{"href":"https:\/\/prague-stag-do.com\/fr\/wp-json\/wp\/v2\/types\/page"}],"author":[{"embeddable":true,"href":"https:\/\/prague-stag-do.com\/fr\/wp-json\/wp\/v2\/users\/41"}],"replies":[{"embeddable":true,"href":"https:\/\/prague-stag-do.com\/fr\/wp-json\/wp\/v2\/comments?post=156"}],"version-history":[{"count":20,"href":"https:\/\/prague-stag-do.com\/fr\/wp-json\/wp\/v2\/pages\/156\/revisions"}],"predecessor-version":[{"id":21141,"href":"https:\/\/prague-stag-do.com\/fr\/wp-json\/wp\/v2\/pages\/156\/revisions\/21141"}],"wp:featuredmedia":[{"embeddable":true,"href":"https:\/\/prague-stag-do.com\/fr\/wp-json\/wp\/v2\/media\/148"}],"wp:attachment":[{"href":"https:\/\/prague-stag-do.com\/fr\/wp-json\/wp\/v2\/media?parent=156"}],"curies":[{"name":"wp","href":"https:\/\/api.w.org\/{rel}","templated":true}]}}