{"id":201,"date":"2022-12-22T14:48:42","date_gmt":"2022-12-22T14:48:42","guid":{"rendered":"https:\/\/prague-stag-do.com\/?page_id=201"},"modified":"2023-09-05T08:44:26","modified_gmt":"2023-09-05T08:44:26","slug":"como-llegar-a-praga","status":"publish","type":"page","link":"https:\/\/prague-stag-do.com\/es\/como-llegar-a-praga\/","title":{"rendered":"C\u00f3mo llegar a Praga"},"content":{"rendered":"<p>Praga es la capital y la ciudad m\u00e1s grande de la Rep\u00fablica Checa, situada en Europa central. Es un destino popular para turistas y despedidas de soltero por su rica historia, su impresionante arquitectura y su vibrante vida nocturna. A continuaci\u00f3n le ofrecemos algunas opciones para llegar a Praga:<\/p>\n\n\n\n<figure class=\"wp-block-image size-large\"><img loading=\"lazy\" decoding=\"async\" width=\"1024\" height=\"679\" src=\"https:\/\/prague-stag-do.com\/wp-content\/uploads\/private-river-cruise-prague-1024x679.webp\" alt=\"Praga\" class=\"wp-image-23\" srcset=\"https:\/\/prague-stag-do.com\/wp-content\/uploads\/private-river-cruise-prague-1024x679.webp 1024w, https:\/\/prague-stag-do.com\/wp-content\/uploads\/private-river-cruise-prague-300x199.webp 300w, https:\/\/prague-stag-do.com\/wp-content\/uploads\/private-river-cruise-prague-768x509.webp 768w, https:\/\/prague-stag-do.com\/wp-content\/uploads\/private-river-cruise-prague-1536x1018.webp 1536w, https:\/\/prague-stag-do.com\/wp-content\/uploads\/private-river-cruise-prague-2048x1357.webp 2048w, https:\/\/prague-stag-do.com\/wp-content\/uploads\/private-river-cruise-prague-18x12.webp 18w, https:\/\/prague-stag-do.com\/wp-content\/uploads\/private-river-cruise-prague-scaled.webp 1920w\" sizes=\"auto, (max-width: 1024px) 100vw, 1024px\" \/><figcaption class=\"wp-element-caption\">Praga<\/figcaption><\/figure>\n\n\n\n<h2 class=\"wp-block-heading\">Plano<\/h2>\n\n\n\n<p>El principal aeropuerto de Praga es <strong>Aeropuerto V\u00e1clav Havel<\/strong>tambi\u00e9n conocido como Aeropuerto de Praga. Est\u00e1 situado a unos 15 kil\u00f3metros al noroeste del centro de la ciudad. El aeropuerto est\u00e1 bien comunicado con vuelos procedentes de las principales ciudades europeas y destinos internacionales. Puede tomar un taxi o el transporte p\u00fablico desde el aeropuerto para llegar a su destino en la ciudad.<\/p>\n\n\n\n<h2 class=\"wp-block-heading\">Tren<\/h2>\n\n\n\n<p>Praga cuenta con una extensa red ferroviaria que conecta la ciudad con otras partes de Europa. La ciudad cuenta con <strong>dos estaciones de tren principales<\/strong>: Praha hlavn\u00ed n\u00e1dra\u017e\u00ed (Estaci\u00f3n Central de Praga) y Praha Hole\u0161ovice. Desde estas estaciones puedes coger un tren a destinos de toda la Rep\u00fablica Checa y Europa.<\/p>\n\n\n\n<figure class=\"wp-block-image size-large\"><img loading=\"lazy\" decoding=\"async\" width=\"1024\" height=\"684\" src=\"https:\/\/prague-stag-do.com\/wp-content\/uploads\/Transfer-1024x684.webp\" alt=\"\" class=\"wp-image-68\" srcset=\"https:\/\/prague-stag-do.com\/wp-content\/uploads\/Transfer-1024x684.webp 1024w, https:\/\/prague-stag-do.com\/wp-content\/uploads\/Transfer-300x200.webp 300w, https:\/\/prague-stag-do.com\/wp-content\/uploads\/Transfer-768x513.webp 768w, https:\/\/prague-stag-do.com\/wp-content\/uploads\/Transfer-1536x1025.webp 1536w, https:\/\/prague-stag-do.com\/wp-content\/uploads\/Transfer-2048x1367.webp 2048w, https:\/\/prague-stag-do.com\/wp-content\/uploads\/Transfer-18x12.webp 18w, https:\/\/prague-stag-do.com\/wp-content\/uploads\/Transfer-scaled.webp 1920w\" sizes=\"auto, (max-width: 1024px) 100vw, 1024px\" \/><figcaption class=\"wp-element-caption\">En coche a Praga<\/figcaption><\/figure>\n\n\n\n<h2 class=\"wp-block-heading\">Coche<\/h2>\n\n\n\n<p>Praga es f\u00e1cilmente accesible en coche. Est\u00e1 conectada con el resto de Europa por una <strong>red de carreteras<\/strong>. Si vienes a Praga desde el extranjero, puedes tomar la autopista A2 desde Alemania, la A3 desde Austria o la E65 desde Eslovaquia. Si vienes de m\u00e1s lejos, tambi\u00e9n puedes tomar la E50 desde Europa occidental o la E371 desde Europa oriental.<\/p>\n\n\n\n<h2 class=\"wp-block-heading\">Autob\u00fas<\/h2>\n\n\n\n<p>Praga est\u00e1 comunicada por <strong>amplia red de autobuses de largo recorrido<\/strong>que puede ser una forma asequible y c\u00f3moda de llegar a la ciudad. Muchas de las principales ciudades europeas tienen conexiones directas en autob\u00fas con Praga, y puedes encontrar billetes f\u00e1cilmente en Internet o en una agencia de viajes local.<\/p>\n\n\n\n<p>Independientemente de c\u00f3mo decida llegar a Praga, es esencial <strong>planifique su viaje con antelaci\u00f3n<\/strong> y tenga en cuenta su presupuesto y sus preferencias de viaje. Con un poco de planificaci\u00f3n, podr\u00e1 encontrar f\u00e1cilmente la mejor manera de llegar a esta bella y vibrante ciudad.<\/p>\n\n\n\n<p>Si decide viajar con nosotros, nos encargaremos de <strong>facilitarle toda la informaci\u00f3n pertinente<\/strong> sobre c\u00f3mo llegar a Praga y la mejor manera de alojarse en la ciudad.&nbsp;<\/p>\n\n\n\n<p>Echa un vistazo <a href=\"http:\/\/prague-stag-do.com\/es\/\">Despedida de soltero en Praga<\/a> y descubra qu\u00e9 m\u00e1s podemos hacer por usted.<\/p>","protected":false},"excerpt":{"rendered":"<p>Praga es la capital y la ciudad m\u00e1s grande de la Rep\u00fablica Checa, situada en Europa central. Es un destino popular para turistas y despedidas de soltero por su rica historia, su impresionante arquitectura y su vibrante vida nocturna. A continuaci\u00f3n te ofrecemos algunas opciones para llegar a Praga: Avi\u00f3n El principal aeropuerto de Praga es el Aeropuerto V\u00e1clav Havel, tambi\u00e9n ... <a href=\"https:\/\/prague-stag-do.com\/es\/como-llegar-a-praga\/\">Contin\u00faa en<\/a><\/p>","protected":false},"author":41,"featured_media":133,"parent":0,"menu_order":0,"comment_status":"closed","ping_status":"closed","template":"","meta":{"footnotes":""},"class_list":["post-201","page","type-page","status-publish","has-post-thumbnail","hentry"],"acf":{"page_subheading":"Discover the easiest and most convenient ways to travel to Prague, the stunning capital of the Czech Republic."},"_links":{"self":[{"href":"https:\/\/prague-stag-do.com\/es\/wp-json\/wp\/v2\/pages\/201","targetHints":{"allow":["GET"]}}],"collection":[{"href":"https:\/\/prague-stag-do.com\/es\/wp-json\/wp\/v2\/pages"}],"about":[{"href":"https:\/\/prague-stag-do.com\/es\/wp-json\/wp\/v2\/types\/page"}],"author":[{"embeddable":true,"href":"https:\/\/prague-stag-do.com\/es\/wp-json\/wp\/v2\/users\/41"}],"replies":[{"embeddable":true,"href":"https:\/\/prague-stag-do.com\/es\/wp-json\/wp\/v2\/comments?post=201"}],"version-history":[{"count":8,"href":"https:\/\/prague-stag-do.com\/es\/wp-json\/wp\/v2\/pages\/201\/revisions"}],"predecessor-version":[{"id":3573,"href":"https:\/\/prague-stag-do.com\/es\/wp-json\/wp\/v2\/pages\/201\/revisions\/3573"}],"wp:featuredmedia":[{"embeddable":true,"href":"https:\/\/prague-stag-do.com\/es\/wp-json\/wp\/v2\/media\/133"}],"wp:attachment":[{"href":"https:\/\/prague-stag-do.com\/es\/wp-json\/wp\/v2\/media?parent=201"}],"curies":[{"name":"wp","href":"https:\/\/api.w.org\/{rel}","templated":true}]}}