{"id":191,"date":"2022-12-22T14:47:55","date_gmt":"2022-12-22T14:47:55","guid":{"rendered":"https:\/\/prague-stag-do.com\/?page_id=191"},"modified":"2023-09-05T08:44:30","modified_gmt":"2023-09-05T08:44:30","slug":"sobre-praga","status":"publish","type":"page","link":"https:\/\/prague-stag-do.com\/es\/sobre-praga\/","title":{"rendered":"Sobre Praga"},"content":{"rendered":"<p>Praga es la <strong>capital y ciudad m\u00e1s grande de la Rep\u00fablica Checa<\/strong>, situada en Europa central. Es una ciudad rica en historia, cultura y belleza. Con su impresionante <strong>arquitectura<\/strong>...impresionante... <strong>hitos<\/strong>y <strong>vibrante vida nocturna<\/strong> Praga es un destino de visita obligada para cualquier viajero, especialmente para un grupo de despedida de soltero.<\/p>\n\n\n\n<figure class=\"wp-block-image size-large\"><img loading=\"lazy\" decoding=\"async\" width=\"1024\" height=\"680\" src=\"https:\/\/prague-stag-do.com\/wp-content\/uploads\/Prague-River-at-night-1024x680.webp\" alt=\"Praga de noche\" class=\"wp-image-233\" srcset=\"https:\/\/prague-stag-do.com\/wp-content\/uploads\/Prague-River-at-night-1024x680.webp 1024w, https:\/\/prague-stag-do.com\/wp-content\/uploads\/Prague-River-at-night-300x199.webp 300w, https:\/\/prague-stag-do.com\/wp-content\/uploads\/Prague-River-at-night-768x510.webp 768w, https:\/\/prague-stag-do.com\/wp-content\/uploads\/Prague-River-at-night-1536x1020.webp 1536w, https:\/\/prague-stag-do.com\/wp-content\/uploads\/Prague-River-at-night-2048x1360.webp 2048w, https:\/\/prague-stag-do.com\/wp-content\/uploads\/Prague-River-at-night-18x12.webp 18w, https:\/\/prague-stag-do.com\/wp-content\/uploads\/Prague-River-at-night-scaled.webp 1920w\" sizes=\"auto, (max-width: 1024px) 100vw, 1024px\" \/><figcaption class=\"wp-element-caption\">Praga de noche<\/figcaption><\/figure>\n\n\n\n<p>Uno de los monumentos m\u00e1s emblem\u00e1ticos de Praga es el <strong>Puente de Carlos<\/strong>un puente medieval de piedra que cruza el <strong>R\u00edo Moldava<\/strong>. El puente est\u00e1 adornado con estatuas de santos y es un lugar popular entre los turistas para contemplar las hermosas vistas de la ciudad. Otros monumentos imprescindibles de Praga son <strong>Praga<\/strong> <strong>Castillo<\/strong>el castillo antiguo m\u00e1s grande del mundo, y el <strong>Plaza de la Ciudad Vieja<\/strong>Es un animado centro de actividad, con su famoso reloj astron\u00f3mico y numerosos bares y restaurantes.<\/p>\n\n\n\n<h2 class=\"wp-block-heading\">La vida nocturna de Praga<\/h2>\n\n\n\n<p>Praga es conocida por su <strong>vibrante vida nocturna<\/strong>Con una amplia oferta para los visitantes. Muchos turistas acuden a la ciudad por su animado ambiente de bares y discotecas, que incluye una mezcla de pubs checos tradicionales y clubes modernos.<\/p>\n\n\n\n<p>Una zona popular para la vida nocturna en Praga es el <strong>Casco antiguo<\/strong>donde encontrar\u00e1 una gran variedad de bares y clubes, as\u00ed como locales de m\u00fasica en directo. La hist\u00f3rica <strong>Puente de Carlos<\/strong> es tambi\u00e9n un lugar popular para la vida nocturna, con varios bares y discotecas situados en la zona.<\/p>\n\n\n\n<p>Si busca una salida nocturna m\u00e1s relajada, tambi\u00e9n hay muchas <strong>tabernas tradicionales checas<\/strong>o \"<strong>hospody<\/strong>repartidos por toda la ciudad. Estos pubs suelen servir aut\u00e9ntica cerveza y comida checas y a menudo tienen m\u00fasica en directo u otros espect\u00e1culos.<\/p>\n\n\n\n<p>La vida nocturna de Praga <strong>para todos los gustos<\/strong>Desde animadas discotecas y bares hasta pubs m\u00e1s discretos y locales de m\u00fasica en directo. Merece la pena explorar diferentes zonas de la ciudad para encontrar el tipo de vida nocturna que mejor se adapte a tus preferencias.<\/p>\n\n\n\n<h2 class=\"wp-block-heading\">Con la orientaci\u00f3n adecuada, Praga puede ser f\u00e1cil para su cartera<\/h2>\n\n\n\n<p>En cuanto a comida y bebida, Praga alberga una gran variedad de restaurantes, caf\u00e9s y pubs. La ciudad es conocida por sus deliciosos <strong>cocina tradicional checa<\/strong>como r<strong>asado de cerdo con alb\u00f3ndigas y chucrut<\/strong>Adem\u00e1s de su excelente cerveza. <strong>Cerveza checa<\/strong> es uno de los mejores del mundo y es una visita obligada para cualquier visitante de Praga.<\/p>\n\n\n\n<figure class=\"wp-block-image size-large\"><img loading=\"lazy\" decoding=\"async\" width=\"1024\" height=\"683\" src=\"https:\/\/prague-stag-do.com\/wp-content\/uploads\/beer-samples-1024x683.webp\" alt=\"\" class=\"wp-image-268\" srcset=\"https:\/\/prague-stag-do.com\/wp-content\/uploads\/beer-samples-1024x683.webp 1024w, https:\/\/prague-stag-do.com\/wp-content\/uploads\/beer-samples-300x200.webp 300w, https:\/\/prague-stag-do.com\/wp-content\/uploads\/beer-samples-768x512.webp 768w, https:\/\/prague-stag-do.com\/wp-content\/uploads\/beer-samples-1536x1024.webp 1536w, https:\/\/prague-stag-do.com\/wp-content\/uploads\/beer-samples-2048x1365.webp 2048w, https:\/\/prague-stag-do.com\/wp-content\/uploads\/beer-samples-18x12.webp 18w, https:\/\/prague-stag-do.com\/wp-content\/uploads\/beer-samples-scaled.webp 1920w\" sizes=\"auto, (max-width: 1024px) 100vw, 1024px\" \/><figcaption class=\"wp-element-caption\">Cerveza checa<\/figcaption><\/figure>\n\n\n\n<p>Aunque Praga es una ciudad relativamente <strong>ciudad asequible<\/strong> en comparaci\u00f3n con otras grandes capitales europeas, sigue siendo esencial tener en cuenta el presupuesto. Los precios de la comida, la bebida y el alojamiento var\u00edan mucho seg\u00fan el destino. Sin embargo, con un poco de planificaci\u00f3n e investigaci\u00f3n, puede encontrar grandes ofertas y aprovechar al m\u00e1ximo su viaje a Praga.<\/p>\n\n\n\n<p>Si necesita informaci\u00f3n privilegiada sobre la ciudad, <a href=\"https:\/\/prague-stag-do.com\/es\/\">Despedida de soltero en Praga<\/a> estar\u00e1 encantado de ayudarle a optimizar su viaje a esta colorida ciudad.<\/p>","protected":false},"excerpt":{"rendered":"<p>Praga es la capital y la ciudad m\u00e1s grande de la Rep\u00fablica Checa, situada en Europa central. Es una ciudad rica en historia, cultura y belleza. Con su impresionante arquitectura, impresionantes monumentos y vibrante vida nocturna, Praga es un destino de visita obligada para cualquier viajero, especialmente para un grupo de despedida de soltero. Uno de los lugares m\u00e1s emblem\u00e1ticos de Praga ... <a href=\"https:\/\/prague-stag-do.com\/es\/sobre-praga\/\">Contin\u00faa en<\/a><\/p>","protected":false},"author":41,"featured_media":231,"parent":0,"menu_order":0,"comment_status":"closed","ping_status":"closed","template":"","meta":{"footnotes":""},"class_list":["post-191","page","type-page","status-publish","has-post-thumbnail","hentry"],"acf":{"page_subheading":"Discover the magic of Prague \u2014 a traditional lively European capital where history, culture, and nightlife collide to form an ideal stag do destination. "},"_links":{"self":[{"href":"https:\/\/prague-stag-do.com\/es\/wp-json\/wp\/v2\/pages\/191","targetHints":{"allow":["GET"]}}],"collection":[{"href":"https:\/\/prague-stag-do.com\/es\/wp-json\/wp\/v2\/pages"}],"about":[{"href":"https:\/\/prague-stag-do.com\/es\/wp-json\/wp\/v2\/types\/page"}],"author":[{"embeddable":true,"href":"https:\/\/prague-stag-do.com\/es\/wp-json\/wp\/v2\/users\/41"}],"replies":[{"embeddable":true,"href":"https:\/\/prague-stag-do.com\/es\/wp-json\/wp\/v2\/comments?post=191"}],"version-history":[{"count":6,"href":"https:\/\/prague-stag-do.com\/es\/wp-json\/wp\/v2\/pages\/191\/revisions"}],"predecessor-version":[{"id":420,"href":"https:\/\/prague-stag-do.com\/es\/wp-json\/wp\/v2\/pages\/191\/revisions\/420"}],"wp:featuredmedia":[{"embeddable":true,"href":"https:\/\/prague-stag-do.com\/es\/wp-json\/wp\/v2\/media\/231"}],"wp:attachment":[{"href":"https:\/\/prague-stag-do.com\/es\/wp-json\/wp\/v2\/media?parent=191"}],"curies":[{"name":"wp","href":"https:\/\/api.w.org\/{rel}","templated":true}]}}