{"id":156,"date":"2022-12-22T14:46:33","date_gmt":"2022-12-22T14:46:33","guid":{"rendered":"https:\/\/prague-stag-do.com\/?page_id=156"},"modified":"2026-02-24T09:05:21","modified_gmt":"2026-02-24T09:05:21","slug":"acerca-de-nosotros","status":"publish","type":"page","link":"https:\/\/prague-stag-do.com\/es\/acerca-de-nosotros\/","title":{"rendered":"Qui\u00e9nes somos"},"content":{"rendered":"<p>Mi equipo se dedica a <strong>ayudarle a planificar el mejor fin de semana de despedida de soltero en Praga<\/strong> y garantizar que usted y sus amigos vivan una experiencia inolvidable y sin estr\u00e9s. Somos conscientes de que organizar un viaje puede ser todo un reto, especialmente una despedida de soltero. Sin embargo, con nuestra ayuda, puedes estar seguro de que todo se gestionar\u00e1 con eficacia.<\/p>\n\n\n\n<figure class=\"wp-block-image size-large\"><img loading=\"lazy\" decoding=\"async\" width=\"1024\" height=\"669\" src=\"https:\/\/prague-stag-do.com\/wp-content\/uploads\/Prague-party-1024x669.webp\" alt=\"Fiesta de Praga\" class=\"wp-image-35\" srcset=\"https:\/\/prague-stag-do.com\/wp-content\/uploads\/Prague-party-1024x669.webp 1024w, https:\/\/prague-stag-do.com\/wp-content\/uploads\/Prague-party-300x196.webp 300w, https:\/\/prague-stag-do.com\/wp-content\/uploads\/Prague-party-768x502.webp 768w, https:\/\/prague-stag-do.com\/wp-content\/uploads\/Prague-party-1536x1004.webp 1536w, https:\/\/prague-stag-do.com\/wp-content\/uploads\/Prague-party-2048x1339.webp 2048w, https:\/\/prague-stag-do.com\/wp-content\/uploads\/Prague-party-18x12.webp 18w, https:\/\/prague-stag-do.com\/wp-content\/uploads\/Prague-party-scaled.webp 1920w\" sizes=\"auto, (max-width: 1024px) 100vw, 1024px\" \/><figcaption class=\"wp-element-caption\">Fiesta de Praga<\/figcaption><\/figure>\n\n\n\n<p>Nos comprometemos a que todo salga a pedir de boca y a que pas\u00e9is el mejor momento de vuestras vidas. Le ayudaremos en <strong>evitar errores comunes<\/strong>Por ejemplo, reservar un alojamiento que est\u00e9 demasiado lejos de las actividades, gastar demasiado dinero en actividades o programar algo que requiera despejar la mente despu\u00e9s de una noche de mucho alcohol.<\/p>\n\n\n\n<p>Perm\u00edtanos encargarnos de los detalles y crear un itinerario cuidadosamente planificado que le permita centrarse en la celebraci\u00f3n y en pasarlo bien con sus amigos. Conf\u00ede en nosotros para hacer de su despedida de soltero en Praga una experiencia inolvidable. <strong>una experiencia inolvidable y sin estr\u00e9s<\/strong>.<\/p>\n\n\n\n<h2 class=\"wp-block-heading\">Expertos en despedidas de soltero con a\u00f1os de experiencia<\/h2>\n\n\n\n<p><strong>Desde 2015<\/strong>Hemos ayudado a muchos hombres a celebrar su despedida de soltero con recuerdos inolvidables. Como empresa de viajes con protecci\u00f3n financiera, puede confiar en que su dinero est\u00e1 seguro con nosotros.<\/p>\n\n\n\n<p>Nuestra <strong>opciones de reserva personalizables<\/strong> facilitan la planificaci\u00f3n eficaz del fin de semana salvaje ideal en Praga. Adem\u00e1s, nos aseguraremos de que tu experiencia est\u00e9 libre de estr\u00e9s y sea agradable para que puedas ahorrar energ\u00eda para la despedida de soltero definitiva.<\/p>\n\n\n\n<figure class=\"wp-block-image size-large\"><img loading=\"lazy\" decoding=\"async\" width=\"1024\" height=\"683\" src=\"https:\/\/prague-stag-do.com\/wp-content\/uploads\/Beer-tasting-group-1024x683.webp\" alt=\"Degustaci\u00f3n de cerveza\" class=\"wp-image-77\" srcset=\"https:\/\/prague-stag-do.com\/wp-content\/uploads\/Beer-tasting-group-1024x683.webp 1024w, https:\/\/prague-stag-do.com\/wp-content\/uploads\/Beer-tasting-group-300x200.webp 300w, https:\/\/prague-stag-do.com\/wp-content\/uploads\/Beer-tasting-group-768x512.webp 768w, https:\/\/prague-stag-do.com\/wp-content\/uploads\/Beer-tasting-group-1536x1024.webp 1536w, https:\/\/prague-stag-do.com\/wp-content\/uploads\/Beer-tasting-group-2048x1365.webp 2048w, https:\/\/prague-stag-do.com\/wp-content\/uploads\/Beer-tasting-group-18x12.webp 18w, https:\/\/prague-stag-do.com\/wp-content\/uploads\/Beer-tasting-group-scaled.webp 1920w\" sizes=\"auto, (max-width: 1024px) 100vw, 1024px\" \/><figcaption class=\"wp-element-caption\">Despedida de soltero en Praga<\/figcaption><\/figure>\n\n\n\n<p>Praga es una ciudad llena de <strong>cultura, historia y una excitante vida nocturna<\/strong>. Es el destino perfecto para celebrar tu \u00faltima noche de libertad con tus amigos. Tanto si quieres bailar toda la noche en las discotecas como descubrir los impresionantes monumentos y la arquitectura de la ciudad, Praga tiene algo para todos los gustos.<\/p>\n\n\n\n<p>Estamos orgullosos de ofrecer un servicio excelente a <strong>precios asequibles<\/strong> y mantener s\u00f3lidas relaciones con nuestros <strong>socio de confianza<\/strong> <strong>empresas<\/strong> en Praga. Ofrecen una variedad de actividades \u00fanicas que le har\u00e1n vivir experiencias inolvidables. Hemos elegido cuidadosamente a estos socios porque coinciden con nuestros valores y ofrecen un servicio de m\u00e1xima calidad.<\/p>\n\n\n\n<h2 class=\"wp-block-heading\">Esto es lo que aportamos<\/h2>\n\n\n\n<p>En nuestra empresa, entendemos que cada grupo de chicos es \u00fanico. Por eso nos <strong>enfoque personalizado<\/strong> para planificar su despedida de soltero en Praga.<\/p>\n\n\n\n<p>Creemos que conociendo a su grupo y sus intereses y preferencias espec\u00edficas, podemos crear un <strong>experiencia personalizada e inolvidable<\/strong> que realmente se adapte a tus necesidades. Tanto si buscas un fin de semana de fiesta desenfrenada como una celebraci\u00f3n m\u00e1s discreta, estamos aqu\u00ed para ayudarte a planificar la despedida de soltero perfecta en Praga.<\/p>\n\n\n\n<p>Somos <strong>disponible 24\/7 para ayudarle<\/strong> con cualquier pregunta o problema que pueda surgir y proporcionarle toda la informaci\u00f3n que necesite para aprovechar al m\u00e1ximo su estancia en Praga.<\/p>\n\n\n\n<p>Nuestra <strong>experiencia y conocimientos locales<\/strong> puede ahorrarle dinero y tiempo al evitar errores costosos e itinerarios mal planificados.<\/p>\n\n\n\n<p>No lo dudes. <a href=\"https:\/\/prague-stag-do.com\/es\/consulta\/\">Inf\u00f3rmese ahora<\/a> y d\u00e9janos ayudarte a planear la despedida de soltero definitiva en Praga.<\/p>\n\n\n\n<p>Descubra d\u00f3nde m\u00e1s puede ir de despedida de soltero con nosotros:<\/p>\n\n\n\n<ul class=\"wp-block-list\">\n<li><a href=\"https:\/\/amsterdam-stag-do.com\/\">Despedida de soltero en \u00c1msterdam<\/a><\/li>\n\n\n\n<li><a href=\"https:\/\/berlin-stag-do.com\/\">Despedida de soltero en Berl\u00edn<\/a><\/li>\n\n\n\n<li><a href=\"https:\/\/hamburgstagdo.com\/\">Despedida de soltero en Hamburgo<\/a><\/li>\n\n\n\n<li><a href=\"https:\/\/hvarstagdo.com\/\">Despedida de soltero en Hvar<\/a><\/li>\n\n\n\n<li><a href=\"https:\/\/lisbonstagdo.com\/\">Despedida de soltero en Lisboa<\/a><\/li>\n\n\n\n<li><a href=\"https:\/\/munichstagdo.com\/\">Despedida de soltero en M\u00fanich<\/a><\/li>\n\n\n\n<li><a href=\"https:\/\/riga-stag-do.com\/\">Despedida de soltero en Riga<\/a><\/li>\n\n\n\n<li><a href=\"https:\/\/stagpartyljubljana.com\/\">Despedida de soltero Liubliana<\/a><\/li>\n\n\n\n<li><a href=\"https:\/\/ibizastagdo.com\">Despedida de soltero en Ibiza<\/a><\/li>\n\n\n\n<li><a href=\"https:\/\/benidorm-stag-do.com\/\">Benidorm Despedida de soltero<\/a><\/li>\n\n\n\n<li><a href=\"https:\/\/budapest-stag-do.com\/\">Despedida de soltero en Budapest<\/a><\/li>\n\n\n\n<li><a href=\"https:\/\/stagdovegas.com\/\">Despedida de soltero en Las Vegas<\/a><\/li>\n\n\n\n<li><a href=\"https:\/\/stagdobarcelona.com\/\">Despedida de soltero Barcelona<\/a><\/li>\n\n\n\n<li><a href=\"https:\/\/stagdozagreb.com\/\">Despedida de soltero Zagreb<\/a><\/li>\n\n\n\n<li><a href=\"https:\/\/splitstagdo.com\/\">Despedida de soltero en Split<\/a><\/li>\n\n\n\n<li><a href=\"https:\/\/dubrovnikstagdo.com\/\">Despedida de soltero en Dubrovnik<\/a><\/li>\n\n\n\n<li><a href=\"https:\/\/madridstagdo.com\/\">Despedida de soltero en Madrid<\/a><\/li>\n\n\n\n<li><a href=\"https:\/\/bucharest-stag-do.com\/\">Despedida de soltero en Bucarest<\/a><\/li>\n\n\n\n<li><a href=\"https:\/\/albufeirastagdo.com\/\">Despedida de soltero en Albufeira<\/a><\/li>\n\n\n\n<li><a href=\"https:\/\/dublinstagdo.com\/\">Despedida de soltero en Dubl\u00edn<\/a><\/li>\n\n\n\n<li><a href=\"https:\/\/stagdokrakow.com\/\">Despedida de soltero en Cracovia<\/a><\/li>\n<\/ul>","protected":false},"excerpt":{"rendered":"<p>Mi equipo se dedica a ayudarle a planificar el mejor fin de semana de despedida de soltero en Praga y a garantizar que usted y sus amigos disfruten de una experiencia inolvidable y sin estr\u00e9s. Somos conscientes de que organizar un viaje puede ser todo un reto, especialmente una despedida de soltero. Sin embargo, con nuestra ayuda, usted puede sentirse seguro de que todo ser\u00e1 manejado ... <a href=\"https:\/\/prague-stag-do.com\/es\/acerca-de-nosotros\/\">Contin\u00faa en<\/a><\/p>","protected":false},"author":41,"featured_media":148,"parent":0,"menu_order":0,"comment_status":"closed","ping_status":"closed","template":"","meta":{"footnotes":""},"class_list":["post-156","page","type-page","status-publish","has-post-thumbnail","hentry"],"acf":{"page_subheading":"Let us help you plan the perfect stag do in Prague and celebrate this special occasion without any stress \u2013 we are here to make it easy and enjoyable for you."},"_links":{"self":[{"href":"https:\/\/prague-stag-do.com\/es\/wp-json\/wp\/v2\/pages\/156","targetHints":{"allow":["GET"]}}],"collection":[{"href":"https:\/\/prague-stag-do.com\/es\/wp-json\/wp\/v2\/pages"}],"about":[{"href":"https:\/\/prague-stag-do.com\/es\/wp-json\/wp\/v2\/types\/page"}],"author":[{"embeddable":true,"href":"https:\/\/prague-stag-do.com\/es\/wp-json\/wp\/v2\/users\/41"}],"replies":[{"embeddable":true,"href":"https:\/\/prague-stag-do.com\/es\/wp-json\/wp\/v2\/comments?post=156"}],"version-history":[{"count":20,"href":"https:\/\/prague-stag-do.com\/es\/wp-json\/wp\/v2\/pages\/156\/revisions"}],"predecessor-version":[{"id":21141,"href":"https:\/\/prague-stag-do.com\/es\/wp-json\/wp\/v2\/pages\/156\/revisions\/21141"}],"wp:featuredmedia":[{"embeddable":true,"href":"https:\/\/prague-stag-do.com\/es\/wp-json\/wp\/v2\/media\/148"}],"wp:attachment":[{"href":"https:\/\/prague-stag-do.com\/es\/wp-json\/wp\/v2\/media?parent=156"}],"curies":[{"name":"wp","href":"https:\/\/api.w.org\/{rel}","templated":true}]}}