{"id":201,"date":"2022-12-22T14:48:42","date_gmt":"2022-12-22T14:48:42","guid":{"rendered":"https:\/\/prague-stag-do.com\/?page_id=201"},"modified":"2023-09-05T08:44:26","modified_gmt":"2023-09-05T08:44:26","slug":"wie-man-nach-prag-kommt","status":"publish","type":"page","link":"https:\/\/prague-stag-do.com\/de\/wie-man-nach-prag-kommt\/","title":{"rendered":"Wie man nach Prag kommt"},"content":{"rendered":"<p>Prag ist die Hauptstadt und gr\u00f6\u00dfte Stadt der Tschechischen Republik und liegt in Mitteleuropa. Sie ist ein beliebtes Ziel f\u00fcr Touristen und Junggesellenabschiede aufgrund ihrer reichen Geschichte, ihrer beeindruckenden Architektur und ihres pulsierenden Nachtlebens. Hier sind ein paar M\u00f6glichkeiten, wie Sie nach Prag kommen k\u00f6nnen:<\/p>\n\n\n\n<figure class=\"wp-block-image size-large\"><img loading=\"lazy\" decoding=\"async\" width=\"1024\" height=\"679\" src=\"https:\/\/prague-stag-do.com\/wp-content\/uploads\/private-river-cruise-prague-1024x679.webp\" alt=\"Prag\" class=\"wp-image-23\" srcset=\"https:\/\/prague-stag-do.com\/wp-content\/uploads\/private-river-cruise-prague-1024x679.webp 1024w, https:\/\/prague-stag-do.com\/wp-content\/uploads\/private-river-cruise-prague-300x199.webp 300w, https:\/\/prague-stag-do.com\/wp-content\/uploads\/private-river-cruise-prague-768x509.webp 768w, https:\/\/prague-stag-do.com\/wp-content\/uploads\/private-river-cruise-prague-1536x1018.webp 1536w, https:\/\/prague-stag-do.com\/wp-content\/uploads\/private-river-cruise-prague-2048x1357.webp 2048w, https:\/\/prague-stag-do.com\/wp-content\/uploads\/private-river-cruise-prague-18x12.webp 18w, https:\/\/prague-stag-do.com\/wp-content\/uploads\/private-river-cruise-prague-scaled.webp 1920w\" sizes=\"auto, (max-width: 1024px) 100vw, 1024px\" \/><figcaption class=\"wp-element-caption\">Prag<\/figcaption><\/figure>\n\n\n\n<h2 class=\"wp-block-heading\">Flugzeug<\/h2>\n\n\n\n<p>Der Hauptflughafen von Prag ist <strong>V\u00e1clav Havel Flughafen<\/strong>der auch als Prager Flughafen bekannt ist. Er befindet sich etwa 15 Kilometer nordwestlich des Stadtzentrums. Der Flughafen ist mit Fl\u00fcgen aus den wichtigsten europ\u00e4ischen St\u00e4dten und internationalen Zielen gut angebunden. Sie k\u00f6nnen vom Flughafen aus ein Taxi oder \u00f6ffentliche Verkehrsmittel nehmen, um zu Ihrem Ziel in der Stadt zu gelangen.<\/p>\n\n\n\n<h2 class=\"wp-block-heading\">Zug<\/h2>\n\n\n\n<p>Prag verf\u00fcgt \u00fcber ein umfangreiches Eisenbahnnetz, das die Stadt mit anderen Teilen Europas verbindet. Die Stadt hat <strong>zwei Hauptbahnh\u00f6fe<\/strong>: Praha hlavn\u00ed n\u00e1dra\u017e\u00ed (Prager Hauptbahnhof) und Praha Hole\u0161ovice. Von diesen Bahnh\u00f6fen aus k\u00f6nnen Sie Z\u00fcge zu Zielen in der ganzen Tschechischen Republik und in Europa nehmen.<\/p>\n\n\n\n<figure class=\"wp-block-image size-large\"><img loading=\"lazy\" decoding=\"async\" width=\"1024\" height=\"684\" src=\"https:\/\/prague-stag-do.com\/wp-content\/uploads\/Transfer-1024x684.webp\" alt=\"\" class=\"wp-image-68\" srcset=\"https:\/\/prague-stag-do.com\/wp-content\/uploads\/Transfer-1024x684.webp 1024w, https:\/\/prague-stag-do.com\/wp-content\/uploads\/Transfer-300x200.webp 300w, https:\/\/prague-stag-do.com\/wp-content\/uploads\/Transfer-768x513.webp 768w, https:\/\/prague-stag-do.com\/wp-content\/uploads\/Transfer-1536x1025.webp 1536w, https:\/\/prague-stag-do.com\/wp-content\/uploads\/Transfer-2048x1367.webp 2048w, https:\/\/prague-stag-do.com\/wp-content\/uploads\/Transfer-18x12.webp 18w, https:\/\/prague-stag-do.com\/wp-content\/uploads\/Transfer-scaled.webp 1920w\" sizes=\"auto, (max-width: 1024px) 100vw, 1024px\" \/><figcaption class=\"wp-element-caption\">Fahrt nach Prag<\/figcaption><\/figure>\n\n\n\n<h2 class=\"wp-block-heading\">Auto<\/h2>\n\n\n\n<p>Prag ist mit dem Auto leicht zu erreichen. Die Stadt ist mit dem Rest Europas \u00fcber eine <strong>Fernstra\u00dfennetz<\/strong>. Wenn Sie aus dem Ausland nach Prag fahren, k\u00f6nnen Sie aus Deutschland die Autobahn A2, aus \u00d6sterreich die A3 oder aus der Slowakei die E65 nehmen. Wenn Sie von weiter her kommen, k\u00f6nnen Sie auch die E50 aus Westeuropa oder die E371 aus Osteuropa nehmen.<\/p>\n\n\n\n<h2 class=\"wp-block-heading\">Bus<\/h2>\n\n\n\n<p>Prag wird von einer <strong>umfangreiches Netz von Fernbussen<\/strong>die eine erschwingliche und bequeme M\u00f6glichkeit darstellen, die Stadt zu erreichen. Viele europ\u00e4ische Gro\u00dfst\u00e4dte haben direkte Busverbindungen nach Prag, und Sie k\u00f6nnen Fahrkarten leicht online oder in einem \u00f6rtlichen Reiseb\u00fcro finden.<\/p>\n\n\n\n<p>Unabh\u00e4ngig davon, wie Sie nach Prag kommen, ist es wichtig, dass Sie <strong>planen Sie Ihre Reise im Voraus<\/strong> und ber\u00fccksichtigen Sie Ihr Budget und Ihre Reisevorlieben. Mit ein wenig Planung k\u00f6nnen Sie leicht den besten Weg in diese sch\u00f6ne und pulsierende Stadt finden.<\/p>\n\n\n\n<p>Wenn Sie sich f\u00fcr eine Reise mit uns entscheiden, werden wir <strong>Sie mit allen relevanten Informationen zu versorgen<\/strong> dar\u00fcber, wie Sie nach Prag kommen und wie Sie am besten in der Stadt untergebracht werden.&nbsp;<\/p>\n\n\n\n<p>\u00dcberpr\u00fcfen Sie <a href=\"http:\/\/prague-stag-do.com\/de\/\">JGA Prag<\/a> und finden Sie heraus, was wir sonst noch f\u00fcr Sie tun k\u00f6nnen!<\/p>","protected":false},"excerpt":{"rendered":"<p>Prag ist die Hauptstadt und gr\u00f6\u00dfte Stadt der Tschechischen Republik und liegt in Mitteleuropa. Sie ist ein beliebtes Ziel f\u00fcr Touristen und Junggesellenabschiede aufgrund ihrer reichen Geschichte, ihrer beeindruckenden Architektur und ihres pulsierenden Nachtlebens. Hier sind ein paar M\u00f6glichkeiten, wie Sie nach Prag kommen k\u00f6nnen: Flugzeug Prags Hauptflughafen ist der V\u00e1clav-Havel-Flughafen, auch ... <a href=\"https:\/\/prague-stag-do.com\/de\/wie-man-nach-prag-kommt\/\">Fortsetzung<\/a><\/p>","protected":false},"author":41,"featured_media":133,"parent":0,"menu_order":0,"comment_status":"closed","ping_status":"closed","template":"","meta":{"footnotes":""},"class_list":["post-201","page","type-page","status-publish","has-post-thumbnail","hentry"],"acf":{"page_subheading":"Discover the easiest and most convenient ways to travel to Prague, the stunning capital of the Czech Republic."},"_links":{"self":[{"href":"https:\/\/prague-stag-do.com\/de\/wp-json\/wp\/v2\/pages\/201","targetHints":{"allow":["GET"]}}],"collection":[{"href":"https:\/\/prague-stag-do.com\/de\/wp-json\/wp\/v2\/pages"}],"about":[{"href":"https:\/\/prague-stag-do.com\/de\/wp-json\/wp\/v2\/types\/page"}],"author":[{"embeddable":true,"href":"https:\/\/prague-stag-do.com\/de\/wp-json\/wp\/v2\/users\/41"}],"replies":[{"embeddable":true,"href":"https:\/\/prague-stag-do.com\/de\/wp-json\/wp\/v2\/comments?post=201"}],"version-history":[{"count":8,"href":"https:\/\/prague-stag-do.com\/de\/wp-json\/wp\/v2\/pages\/201\/revisions"}],"predecessor-version":[{"id":3573,"href":"https:\/\/prague-stag-do.com\/de\/wp-json\/wp\/v2\/pages\/201\/revisions\/3573"}],"wp:featuredmedia":[{"embeddable":true,"href":"https:\/\/prague-stag-do.com\/de\/wp-json\/wp\/v2\/media\/133"}],"wp:attachment":[{"href":"https:\/\/prague-stag-do.com\/de\/wp-json\/wp\/v2\/media?parent=201"}],"curies":[{"name":"wp","href":"https:\/\/api.w.org\/{rel}","templated":true}]}}