{"id":191,"date":"2022-12-22T14:47:55","date_gmt":"2022-12-22T14:47:55","guid":{"rendered":"https:\/\/prague-stag-do.com\/?page_id=191"},"modified":"2023-09-05T08:44:30","modified_gmt":"2023-09-05T08:44:30","slug":"uber-prag","status":"publish","type":"page","link":"https:\/\/prague-stag-do.com\/de\/uber-prag\/","title":{"rendered":"\u00dcber Prag"},"content":{"rendered":"<p>Prag ist die <strong>Hauptstadt und gr\u00f6\u00dfte Stadt der Tschechischen Republik<\/strong>liegt in Mitteleuropa. Es ist eine Stadt reich an Geschichte, Kultur und Sch\u00f6nheit. Mit seiner atemberaubenden <strong>Architektur<\/strong>atemberaubend <strong>Wahrzeichen<\/strong>und <strong>pulsierendes Nachtleben<\/strong> Prag ist ein Muss f\u00fcr jeden Reisenden, insbesondere f\u00fcr Junggesellenabschiede.<\/p>\n\n\n\n<figure class=\"wp-block-image size-large\"><img loading=\"lazy\" decoding=\"async\" width=\"1024\" height=\"680\" src=\"https:\/\/prague-stag-do.com\/wp-content\/uploads\/Prague-River-at-night-1024x680.webp\" alt=\"Prag bei Nacht\" class=\"wp-image-233\" srcset=\"https:\/\/prague-stag-do.com\/wp-content\/uploads\/Prague-River-at-night-1024x680.webp 1024w, https:\/\/prague-stag-do.com\/wp-content\/uploads\/Prague-River-at-night-300x199.webp 300w, https:\/\/prague-stag-do.com\/wp-content\/uploads\/Prague-River-at-night-768x510.webp 768w, https:\/\/prague-stag-do.com\/wp-content\/uploads\/Prague-River-at-night-1536x1020.webp 1536w, https:\/\/prague-stag-do.com\/wp-content\/uploads\/Prague-River-at-night-2048x1360.webp 2048w, https:\/\/prague-stag-do.com\/wp-content\/uploads\/Prague-River-at-night-18x12.webp 18w, https:\/\/prague-stag-do.com\/wp-content\/uploads\/Prague-River-at-night-scaled.webp 1920w\" sizes=\"auto, (max-width: 1024px) 100vw, 1024px\" \/><figcaption class=\"wp-element-caption\">Prag bei Nacht<\/figcaption><\/figure>\n\n\n\n<p>Eines der ikonischsten Wahrzeichen von Prag ist die <strong>Karlsbr\u00fccke<\/strong>eine mittelalterliche Steinbr\u00fccke, die den Fluss \u00fcberspannt <strong>Moldau<\/strong>. Die Br\u00fccke ist mit Heiligenstatuen geschm\u00fcckt und ist ein beliebter Ort f\u00fcr Touristen, um die sch\u00f6ne Aussicht auf die Stadt zu genie\u00dfen. Andere Sehensw\u00fcrdigkeiten in Prag, die man gesehen haben muss, sind <strong>Prag<\/strong> <strong>Schloss<\/strong>die gr\u00f6\u00dfte antike Burg der Welt, und die <strong>Altst\u00e4dter Ring<\/strong>Mit seiner ber\u00fchmten astronomischen Uhr und den zahlreichen Bars und Restaurants ist die Stadt ein lebendiges Zentrum.<\/p>\n\n\n\n<h2 class=\"wp-block-heading\">Das Prager Nachtleben<\/h2>\n\n\n\n<p>Prag ist bekannt f\u00fcr seine <strong>pulsierendes Nachtleben<\/strong>mit einer Reihe von M\u00f6glichkeiten f\u00fcr Besucher. Viele Touristen besuchen die Stadt wegen ihrer lebendigen Bar- und Clubszene, die eine Mischung aus traditionellen tschechischen Kneipen und modernen Clubs umfasst.<\/p>\n\n\n\n<p>Eine beliebte Gegend f\u00fcr das Nachtleben in Prag ist das <strong>Alte Stadt<\/strong>wo Sie eine Vielzahl von Bars und Clubs sowie Live-Musikveranstaltungen finden k\u00f6nnen. Das historische <strong>Karlsbr\u00fccke<\/strong> ist auch ein beliebter Ort f\u00fcr das Nachtleben, mit mehreren Bars und Clubs in der Umgebung.<\/p>\n\n\n\n<p>Wenn Sie einen entspannten Abend verbringen m\u00f6chten, gibt es auch viele <strong>traditionelle tschechische Kneipen<\/strong>oder \"<strong>Hospiz<\/strong>\", die \u00fcber die ganze Stadt verteilt sind. In diesen Kneipen werden oft authentisches tschechisches Bier und Essen serviert und oft gibt es Live-Musik oder andere Unterhaltung.<\/p>\n\n\n\n<p>Das Prager Nachtleben bietet <strong>etwas f\u00fcr jeden<\/strong>Das Angebot reicht von lebhaften Clubs und Bars bis hin zu ruhigeren Kneipen und Veranstaltungsorten f\u00fcr Live-Musik. Es lohnt sich, verschiedene Bereiche der Stadt zu erkunden, um die Art des Nachtlebens zu finden, die am besten zu Ihren Vorlieben passt.<\/p>\n\n\n\n<h2 class=\"wp-block-heading\">Mit der richtigen Beratung kann Prag Ihren Geldbeutel schonen<\/h2>\n\n\n\n<p>Was Essen und Trinken angeht, so gibt es in Prag eine gro\u00dfe Auswahl an Restaurants, Caf\u00e9s und Kneipen. Die Stadt ist bekannt f\u00fcr ihre k\u00f6stlichen <strong>traditionelle tschechische K\u00fcche<\/strong>wie z.B. r<strong>Schweinebraten mit Kn\u00f6deln und Sauerkraut<\/strong>sowie sein ausgezeichnetes Bier. <strong>Tschechisches Bier<\/strong> geh\u00f6rt zu den besten der Welt und ist ein Muss f\u00fcr jeden Prag-Besucher.<\/p>\n\n\n\n<figure class=\"wp-block-image size-large\"><img loading=\"lazy\" decoding=\"async\" width=\"1024\" height=\"683\" src=\"https:\/\/prague-stag-do.com\/wp-content\/uploads\/beer-samples-1024x683.webp\" alt=\"\" class=\"wp-image-268\" srcset=\"https:\/\/prague-stag-do.com\/wp-content\/uploads\/beer-samples-1024x683.webp 1024w, https:\/\/prague-stag-do.com\/wp-content\/uploads\/beer-samples-300x200.webp 300w, https:\/\/prague-stag-do.com\/wp-content\/uploads\/beer-samples-768x512.webp 768w, https:\/\/prague-stag-do.com\/wp-content\/uploads\/beer-samples-1536x1024.webp 1536w, https:\/\/prague-stag-do.com\/wp-content\/uploads\/beer-samples-2048x1365.webp 2048w, https:\/\/prague-stag-do.com\/wp-content\/uploads\/beer-samples-18x12.webp 18w, https:\/\/prague-stag-do.com\/wp-content\/uploads\/beer-samples-scaled.webp 1920w\" sizes=\"auto, (max-width: 1024px) 100vw, 1024px\" \/><figcaption class=\"wp-element-caption\">Tschechisches Bier<\/figcaption><\/figure>\n\n\n\n<p>Prag ist zwar ein relativ <strong>erschwingliche Stadt<\/strong> Im Vergleich zu anderen gro\u00dfen europ\u00e4ischen Hauptst\u00e4dten ist es dennoch wichtig, dass Sie auf Ihr Budget achten. Die Preise f\u00fcr Essen, Trinken und Unterkunft sind sehr unterschiedlich, je nachdem, wohin Sie reisen. Mit etwas Planung und Recherche k\u00f6nnen Sie jedoch tolle Angebote finden und das Beste aus Ihrer Reise nach Prag machen.<\/p>\n\n\n\n<p>Wenn Sie Insiderinformationen \u00fcber die Stadt ben\u00f6tigen, <a href=\"https:\/\/prague-stag-do.com\/de\/\">JGA Prag<\/a> helfen Ihnen gerne dabei, Ihre Reise in diese farbenfrohe Stadt zu optimieren.<\/p>","protected":false},"excerpt":{"rendered":"<p>Prag ist die Hauptstadt und gr\u00f6\u00dfte Stadt der Tschechischen Republik und liegt in Mitteleuropa. Es ist eine Stadt reich an Geschichte, Kultur und Sch\u00f6nheit. Mit ihrer atemberaubenden Architektur, den atemberaubenden Sehensw\u00fcrdigkeiten und dem pulsierenden Nachtleben ist Prag ein Muss f\u00fcr jeden Reisenden, insbesondere f\u00fcr Junggesellenabschiede. Eines der ber\u00fchmtesten Wahrzeichen Prags ... <a href=\"https:\/\/prague-stag-do.com\/de\/uber-prag\/\">Fortsetzung<\/a><\/p>","protected":false},"author":41,"featured_media":231,"parent":0,"menu_order":0,"comment_status":"closed","ping_status":"closed","template":"","meta":{"footnotes":""},"class_list":["post-191","page","type-page","status-publish","has-post-thumbnail","hentry"],"acf":{"page_subheading":"Discover the magic of Prague \u2014 a traditional lively European capital where history, culture, and nightlife collide to form an ideal stag do destination. "},"_links":{"self":[{"href":"https:\/\/prague-stag-do.com\/de\/wp-json\/wp\/v2\/pages\/191","targetHints":{"allow":["GET"]}}],"collection":[{"href":"https:\/\/prague-stag-do.com\/de\/wp-json\/wp\/v2\/pages"}],"about":[{"href":"https:\/\/prague-stag-do.com\/de\/wp-json\/wp\/v2\/types\/page"}],"author":[{"embeddable":true,"href":"https:\/\/prague-stag-do.com\/de\/wp-json\/wp\/v2\/users\/41"}],"replies":[{"embeddable":true,"href":"https:\/\/prague-stag-do.com\/de\/wp-json\/wp\/v2\/comments?post=191"}],"version-history":[{"count":6,"href":"https:\/\/prague-stag-do.com\/de\/wp-json\/wp\/v2\/pages\/191\/revisions"}],"predecessor-version":[{"id":420,"href":"https:\/\/prague-stag-do.com\/de\/wp-json\/wp\/v2\/pages\/191\/revisions\/420"}],"wp:featuredmedia":[{"embeddable":true,"href":"https:\/\/prague-stag-do.com\/de\/wp-json\/wp\/v2\/media\/231"}],"wp:attachment":[{"href":"https:\/\/prague-stag-do.com\/de\/wp-json\/wp\/v2\/media?parent=191"}],"curies":[{"name":"wp","href":"https:\/\/api.w.org\/{rel}","templated":true}]}}