{"id":156,"date":"2022-12-22T14:46:33","date_gmt":"2022-12-22T14:46:33","guid":{"rendered":"https:\/\/prague-stag-do.com\/?page_id=156"},"modified":"2026-02-24T09:05:21","modified_gmt":"2026-02-24T09:05:21","slug":"uber-uns","status":"publish","type":"page","link":"https:\/\/prague-stag-do.com\/de\/uber-uns\/","title":{"rendered":"\u00dcber uns"},"content":{"rendered":"<p>Mein Team engagiert sich f\u00fcr <strong>Unterst\u00fctzung bei der Planung des ultimativen Junggesellenwochenendes in Prag<\/strong> und sicherzustellen, dass Sie und Ihre Freunde ein unvergessliches und stressfreies Erlebnis haben. Wir wissen, dass die Organisation einer Reise eine Herausforderung sein kann - besonders bei einem Junggesellenabschied. Mit unserer Hilfe k\u00f6nnen Sie sich jedoch sicher sein, dass alles effektiv gehandhabt wird.<\/p>\n\n\n\n<figure class=\"wp-block-image size-large\"><img loading=\"lazy\" decoding=\"async\" width=\"1024\" height=\"669\" src=\"https:\/\/prague-stag-do.com\/wp-content\/uploads\/Prague-party-1024x669.webp\" alt=\"Prager Party\" class=\"wp-image-35\" srcset=\"https:\/\/prague-stag-do.com\/wp-content\/uploads\/Prague-party-1024x669.webp 1024w, https:\/\/prague-stag-do.com\/wp-content\/uploads\/Prague-party-300x196.webp 300w, https:\/\/prague-stag-do.com\/wp-content\/uploads\/Prague-party-768x502.webp 768w, https:\/\/prague-stag-do.com\/wp-content\/uploads\/Prague-party-1536x1004.webp 1536w, https:\/\/prague-stag-do.com\/wp-content\/uploads\/Prague-party-2048x1339.webp 2048w, https:\/\/prague-stag-do.com\/wp-content\/uploads\/Prague-party-18x12.webp 18w, https:\/\/prague-stag-do.com\/wp-content\/uploads\/Prague-party-scaled.webp 1920w\" sizes=\"auto, (max-width: 1024px) 100vw, 1024px\" \/><figcaption class=\"wp-element-caption\">Prager Party<\/figcaption><\/figure>\n\n\n\n<p>Wir setzen uns daf\u00fcr ein, dass alles reibungslos abl\u00e4uft und Sie die beste Zeit Ihres Lebens haben. Wir unterst\u00fctzen Sie bei <strong>Vermeidung von h\u00e4ufigen Fehlern<\/strong>So kann man beispielsweise eine Unterkunft buchen, die zu weit von den Aktivit\u00e4ten entfernt ist, zu viel Geld f\u00fcr Aktivit\u00e4ten ausgeben oder etwas planen, das nach einer durchzechten Nacht einen klaren Kopf erfordert.<\/p>\n\n\n\n<p>Wir k\u00fcmmern uns um die Details und erstellen ein sorgf\u00e4ltig geplantes Programm, das es Ihnen erm\u00f6glicht, sich auf das Feiern zu konzentrieren und eine gute Zeit mit Ihren Freunden zu haben. Vertrauen Sie uns, damit Ihr Junggesellenabschied in Prag zu einem <strong>ein unvergessliches und stressfreies Erlebnis<\/strong>.<\/p>\n\n\n\n<h2 class=\"wp-block-heading\">Experten f\u00fcr Junggesellenabschiede mit langj\u00e4hriger Erfahrung<\/h2>\n\n\n\n<p><strong>Seit 2015<\/strong>Wir haben schon vielen M\u00e4nnern geholfen, ihren Junggesellenabschied mit unvergesslichen Erinnerungen zu feiern. Als finanziell abgesichertes Reiseunternehmen k\u00f6nnen Sie darauf vertrauen, dass Ihr Geld bei uns sicher ist.<\/p>\n\n\n\n<p>Unser <strong>anpassbare Buchungsoptionen<\/strong> machen es einfach, das ideale wilde Wochenende in Prag effizient zu planen. Au\u00dferdem werden wir daf\u00fcr sorgen, dass Ihr Erlebnis stressfrei und angenehm ist, damit Sie Energie f\u00fcr den ultimativen Junggesellenabschied sparen k\u00f6nnen.<\/p>\n\n\n\n<figure class=\"wp-block-image size-large\"><img loading=\"lazy\" decoding=\"async\" width=\"1024\" height=\"683\" src=\"https:\/\/prague-stag-do.com\/wp-content\/uploads\/Beer-tasting-group-1024x683.webp\" alt=\"Bierverkostung\" class=\"wp-image-77\" srcset=\"https:\/\/prague-stag-do.com\/wp-content\/uploads\/Beer-tasting-group-1024x683.webp 1024w, https:\/\/prague-stag-do.com\/wp-content\/uploads\/Beer-tasting-group-300x200.webp 300w, https:\/\/prague-stag-do.com\/wp-content\/uploads\/Beer-tasting-group-768x512.webp 768w, https:\/\/prague-stag-do.com\/wp-content\/uploads\/Beer-tasting-group-1536x1024.webp 1536w, https:\/\/prague-stag-do.com\/wp-content\/uploads\/Beer-tasting-group-2048x1365.webp 2048w, https:\/\/prague-stag-do.com\/wp-content\/uploads\/Beer-tasting-group-18x12.webp 18w, https:\/\/prague-stag-do.com\/wp-content\/uploads\/Beer-tasting-group-scaled.webp 1920w\" sizes=\"auto, (max-width: 1024px) 100vw, 1024px\" \/><figcaption class=\"wp-element-caption\">JGA Prag<\/figcaption><\/figure>\n\n\n\n<p>Prag ist eine Stadt voll von <strong>Kultur, Geschichte und ein aufregendes Nachtleben<\/strong>. Es ist das perfekte Reiseziel, um die letzte Nacht in Freiheit mit Ihren Freunden zu feiern. Egal, ob Sie die Nacht in den Clubs durchtanzen oder die atemberaubenden Wahrzeichen und die Architektur der Stadt entdecken m\u00f6chten, Prag hat f\u00fcr jeden etwas zu bieten.<\/p>\n\n\n\n<p>Wir sind stolz darauf, hervorragenden Service zu bieten <strong>erschwingliche Preise<\/strong> und haben enge Beziehungen zu unseren <strong>verl\u00e4sslicher Partner<\/strong> <strong>Unternehmen<\/strong> in Prag. Sie bieten eine Vielzahl einzigartiger Aktivit\u00e4ten, die Ihnen unvergessliche Erlebnisse bescheren werden. Wir haben diese Partner sorgf\u00e4ltig ausgew\u00e4hlt, weil sie mit unseren Werten \u00fcbereinstimmen und einen erstklassigen Service bieten.<\/p>\n\n\n\n<h2 class=\"wp-block-heading\">Das bringen wir auf den Tisch<\/h2>\n\n\n\n<p>Wir in unserem Unternehmen wissen, dass jede Gruppe von M\u00e4nnern einzigartig ist. Deshalb nehmen wir eine <strong>personalisierter Ansatz<\/strong> zur Planung Ihres Junggesellenwochenendes in Prag.<\/p>\n\n\n\n<p>Wir sind davon \u00fcberzeugt, dass wir Ihre Gruppe und Ihre spezifischen Interessen und Vorlieben kennenlernen m\u00fcssen, damit wir Ihnen ein <strong>Individuelles und unvergessliches Erlebnis<\/strong> das wirklich auf Ihre Bed\u00fcrfnisse zugeschnitten ist. Egal, ob Sie ein wildes Party-Wochenende oder eine eher unauff\u00e4llige Feier suchen, wir helfen Ihnen bei der Planung des perfekten Junggesellenabschieds in Prag.<\/p>\n\n\n\n<p>Wir sind <strong>24\/7 verf\u00fcgbar, um Sie zu unterst\u00fctzen<\/strong> Wir stehen Ihnen bei allen Fragen und Problemen zur Seite und versorgen Sie mit allen Informationen, die Sie ben\u00f6tigen, um Ihre Zeit in Prag optimal zu nutzen.<\/p>\n\n\n\n<p>Unser <strong>Fachwissen und lokale Kenntnisse<\/strong> k\u00f6nnen Sie Geld und Zeit sparen, indem Sie kostspielige Fehler und schlecht geplante Reiserouten vermeiden.<\/p>\n\n\n\n<p>Z\u00f6gern Sie nicht. <a href=\"https:\/\/prague-stag-do.com\/de\/anfrage\/\">jetzt anfragen<\/a> und lassen Sie uns Ihnen helfen, den ultimativen Junggesellenabschied in Prag zu planen.<\/p>\n\n\n\n<p>Finden Sie heraus, wo Sie sonst noch mit uns auf einen Junggesellenabschied gehen k\u00f6nnen:<\/p>\n\n\n\n<ul class=\"wp-block-list\">\n<li><a href=\"https:\/\/amsterdam-stag-do.com\/\">Amsterdam Junggesellenabschied<\/a><\/li>\n\n\n\n<li><a href=\"https:\/\/berlin-stag-do.com\/\">Berlin Junggesellenabschied<\/a><\/li>\n\n\n\n<li><a href=\"https:\/\/hamburgstagdo.com\/\">Hamburger Junggesellenabschied<\/a><\/li>\n\n\n\n<li><a href=\"https:\/\/hvarstagdo.com\/\">Hvar Junggesellenabschied<\/a><\/li>\n\n\n\n<li><a href=\"https:\/\/lisbonstagdo.com\/\">Lissabon Junggesellenabschied<\/a><\/li>\n\n\n\n<li><a href=\"https:\/\/munichstagdo.com\/\">M\u00fcnchener Junggesellenabschied<\/a><\/li>\n\n\n\n<li><a href=\"https:\/\/riga-stag-do.com\/\">Riga Junggesellenabschied<\/a><\/li>\n\n\n\n<li><a href=\"https:\/\/stagpartyljubljana.com\/\">Junggesellenabschied Ljubljana<\/a><\/li>\n\n\n\n<li><a href=\"https:\/\/ibizastagdo.com\">Ibiza Junggesellenabschied<\/a><\/li>\n\n\n\n<li><a href=\"https:\/\/benidorm-stag-do.com\/\">Benidorm Junggesellenabschied<\/a><\/li>\n\n\n\n<li><a href=\"https:\/\/budapest-stag-do.com\/\">Budapest Junggesellenabschied<\/a><\/li>\n\n\n\n<li><a href=\"https:\/\/stagdovegas.com\/\">Junggesellenabschied Vegas<\/a><\/li>\n\n\n\n<li><a href=\"https:\/\/stagdobarcelona.com\/\">Junggesellenabschied Barcelona<\/a><\/li>\n\n\n\n<li><a href=\"https:\/\/stagdozagreb.com\/\">Junggesellenabschied Zagreb<\/a><\/li>\n\n\n\n<li><a href=\"https:\/\/splitstagdo.com\/\">Split Junggesellenabschied<\/a><\/li>\n\n\n\n<li><a href=\"https:\/\/dubrovnikstagdo.com\/\">Dubrovnik Junggesellenabschied<\/a><\/li>\n\n\n\n<li><a href=\"https:\/\/madridstagdo.com\/\">Madrid Junggesellenabschied<\/a><\/li>\n\n\n\n<li><a href=\"https:\/\/bucharest-stag-do.com\/\">Bukarest Junggesellenabschied<\/a><\/li>\n\n\n\n<li><a href=\"https:\/\/albufeirastagdo.com\/\">Albufeira Junggesellenabschied<\/a><\/li>\n\n\n\n<li><a href=\"https:\/\/dublinstagdo.com\/\">Dublin Junggesellenabschied<\/a><\/li>\n\n\n\n<li><a href=\"https:\/\/stagdokrakow.com\/\">Krakau Junggesellenabschied<\/a><\/li>\n<\/ul>","protected":false},"excerpt":{"rendered":"<p>Mein Team hat es sich zur Aufgabe gemacht, Sie bei der Planung des ultimativen Junggesellenabschieds in Prag zu unterst\u00fctzen und sicherzustellen, dass Sie und Ihre Freunde ein unvergessliches und stressfreies Erlebnis haben. Wir wissen, dass die Organisation einer Reise eine Herausforderung sein kann - besonders bei einem Junggesellenabschied. Mit unserer Hilfe k\u00f6nnen Sie jedoch sicher sein, dass alles reibungslos abl\u00e4uft ... <a href=\"https:\/\/prague-stag-do.com\/de\/uber-uns\/\">Fortsetzung<\/a><\/p>","protected":false},"author":41,"featured_media":148,"parent":0,"menu_order":0,"comment_status":"closed","ping_status":"closed","template":"","meta":{"footnotes":""},"class_list":["post-156","page","type-page","status-publish","has-post-thumbnail","hentry"],"acf":{"page_subheading":"Let us help you plan the perfect stag do in Prague and celebrate this special occasion without any stress \u2013 we are here to make it easy and enjoyable for you."},"_links":{"self":[{"href":"https:\/\/prague-stag-do.com\/de\/wp-json\/wp\/v2\/pages\/156","targetHints":{"allow":["GET"]}}],"collection":[{"href":"https:\/\/prague-stag-do.com\/de\/wp-json\/wp\/v2\/pages"}],"about":[{"href":"https:\/\/prague-stag-do.com\/de\/wp-json\/wp\/v2\/types\/page"}],"author":[{"embeddable":true,"href":"https:\/\/prague-stag-do.com\/de\/wp-json\/wp\/v2\/users\/41"}],"replies":[{"embeddable":true,"href":"https:\/\/prague-stag-do.com\/de\/wp-json\/wp\/v2\/comments?post=156"}],"version-history":[{"count":20,"href":"https:\/\/prague-stag-do.com\/de\/wp-json\/wp\/v2\/pages\/156\/revisions"}],"predecessor-version":[{"id":21141,"href":"https:\/\/prague-stag-do.com\/de\/wp-json\/wp\/v2\/pages\/156\/revisions\/21141"}],"wp:featuredmedia":[{"embeddable":true,"href":"https:\/\/prague-stag-do.com\/de\/wp-json\/wp\/v2\/media\/148"}],"wp:attachment":[{"href":"https:\/\/prague-stag-do.com\/de\/wp-json\/wp\/v2\/media?parent=156"}],"curies":[{"name":"wp","href":"https:\/\/api.w.org\/{rel}","templated":true}]}}